{"id":747,"date":"2024-09-23T10:09:35","date_gmt":"2024-09-23T10:09:35","guid":{"rendered":"https:\/\/www.drmarkhardman.com\/es\/?page_id=747"},"modified":"2024-11-22T08:28:00","modified_gmt":"2024-11-22T08:28:00","slug":"historia-del-origen","status":"publish","type":"page","link":"https:\/\/www.drmarkhardman.com\/es\/historia-del-origen\/","title":{"rendered":"Historia del origen"},"content":{"rendered":"<p><div class=\"fusion-fullwidth fullwidth-box fusion-builder-row-1 fusion-flex-container has-pattern-background has-mask-background fusion-parallax-none nonhundred-percent-fullwidth non-hundred-percent-height-scrolling\" style=\"--awb-background-blend-mode:overlay;--awb-border-radius-top-left:0px;--awb-border-radius-top-right:0px;--awb-border-radius-bottom-right:0px;--awb-border-radius-bottom-left:0px;--awb-padding-top:200px;--awb-padding-bottom:140px;--awb-padding-top-medium:70px;--awb-padding-bottom-medium:50px;--awb-padding-top-small:50px;--awb-padding-bottom-small:40px;--awb-background-color:rgba(20,22,23,0.38);--awb-background-image:url(&quot;https:\/\/www.drmarkhardman.com\/es\/wp-content\/uploads\/2024\/10\/IMG_6170-1.webp&quot;);--awb-background-size:cover;--awb-flex-wrap:wrap;\" ><div class=\"fusion-builder-row fusion-row fusion-flex-align-items-flex-start fusion-flex-content-wrap\" style=\"max-width:1248px;margin-left: calc(-4% \/ 2 );margin-right: calc(-4% \/ 2 );\"><div class=\"fusion-layout-column fusion_builder_column fusion-builder-column-0 fusion_builder_column_1_1 1_1 fusion-flex-column\" style=\"--awb-bg-size:cover;--awb-width-large:100%;--awb-margin-top-large:0px;--awb-spacing-right-large:1.92%;--awb-margin-bottom-large:20px;--awb-spacing-left-large:1.92%;--awb-width-medium:100%;--awb-order-medium:0;--awb-spacing-right-medium:1.92%;--awb-spacing-left-medium:1.92%;--awb-width-small:100%;--awb-order-small:0;--awb-spacing-right-small:1.92%;--awb-spacing-left-small:1.92%;\"><div class=\"fusion-column-wrapper fusion-column-has-shadow fusion-flex-justify-content-flex-start fusion-content-layout-column\"><div class=\"fusion-title title fusion-title-1 fusion-sep-none fusion-title-center fusion-title-text fusion-title-size-one\" style=\"--awb-text-color:var(--awb-color1);--awb-margin-top:0px;\"><h1 class=\"fusion-title-heading title-heading-center fusion-responsive-typography-calculated\" style=\"margin:0;--fontSize:64;line-height:var(--awb-typography1-line-height);\">Historia del origen<\/h1><\/div><div class=\"fusion-separator\" style=\"align-self: center;margin-left: auto;margin-right: auto;margin-bottom:30px;width:100%;max-width:200px;\"><div class=\"fusion-separator-border sep-single sep-dashed\" style=\"--awb-height:20px;--awb-amount:20px;--awb-sep-color:var(--awb-color1);border-color:var(--awb-color1);border-top-width:1px;\"><\/div><\/div><\/div><\/div><\/div><\/div>\n<div class=\"fusion-fullwidth fullwidth-box fusion-builder-row-2 fusion-flex-container has-pattern-background has-mask-background img-cus-full nonhundred-percent-fullwidth non-hundred-percent-height-scrolling\" style=\"--awb-border-radius-top-left:0px;--awb-border-radius-top-right:0px;--awb-border-radius-bottom-right:0px;--awb-border-radius-bottom-left:0px;--awb-padding-top:5%;--awb-padding-bottom:4%;--awb-padding-top-small:50px;--awb-padding-right-small:30px;--awb-padding-bottom-small:30px;--awb-padding-left-small:30px;--awb-flex-wrap:wrap;\" ><div class=\"fusion-builder-row fusion-row fusion-flex-align-items-flex-start fusion-flex-justify-content-center fusion-flex-content-wrap\" style=\"max-width:1248px;margin-left: calc(-4% \/ 2 );margin-right: calc(-4% \/ 2 );\"><div class=\"fusion-layout-column fusion_builder_column fusion-builder-column-1 fusion_builder_column_3_4 3_4 fusion-flex-column fusion-flex-align-self-stretch fusion-animated\" style=\"--awb-padding-right-small:0px;--awb-padding-left-small:0px;--awb-bg-size:cover;--awb-width-large:75%;--awb-margin-top-large:0px;--awb-spacing-right-large:2.56%;--awb-margin-bottom-large:0px;--awb-spacing-left-large:2.56%;--awb-width-medium:100%;--awb-order-medium:0;--awb-spacing-right-medium:1.92%;--awb-spacing-left-medium:1.92%;--awb-width-small:100%;--awb-order-small:0;--awb-spacing-right-small:1.92%;--awb-spacing-left-small:1.92%;\" data-animationType=\"fadeInLeft\" data-animationDuration=\"1.0\" data-animationOffset=\"top-into-view\"><div class=\"fusion-column-wrapper fusion-column-has-shadow fusion-flex-justify-content-center fusion-content-layout-column\"><div class=\"fusion-title title fusion-title-2 fusion-sep-none fusion-title-text fusion-title-size-paragraph\" style=\"--awb-text-color:var(--awb-color5);--awb-margin-bottom-small:0px;--awb-font-size:14px;\"><p class=\"fusion-title-heading title-heading-left title-heading-tag fusion-responsive-typography-calculated\" style=\"margin:0;font-size:1em;text-transform:uppercase;--fontSize:14;--minFontSize:14;line-height:var(--awb-typography4-line-height);\">C\u00f3mo empezaron la medicina personalizada y el coaching sanitario<\/p><\/div><div class=\"fusion-title title fusion-title-3 fusion-sep-none fusion-title-text fusion-title-size-two\" style=\"--awb-margin-top:0px;--awb-margin-top-small:0px;\"><h2 class=\"fusion-title-heading title-heading-left fusion-responsive-typography-calculated\" style=\"margin:0;--fontSize:36;line-height:var(--awb-typography1-line-height);\">Historia del origen<\/h2><\/div><div class=\"fusion-separator\" style=\"align-self: flex-start;margin-right:auto;margin-bottom:30px;width:100%;max-width:200px;\"><div class=\"fusion-separator-border sep-single sep-dashed\" style=\"--awb-height:20px;--awb-amount:20px;--awb-sep-color:var(--awb-color5);border-color:var(--awb-color5);border-top-width:1px;\"><\/div><\/div><div class=\"fusion-text fusion-text-1\"><p>La Medicina Personalizada y el Coaching de Salud empezaron con un joven soldado de infanter\u00eda que volv\u00eda a casa de la guerra y no pod\u00eda acceder a una atenci\u00f3n m\u00e9dica de calidad. Su historia me motiv\u00f3 a estudiar medicina para tener el privilegio de tratar a marines estadounidenses como pacientes. Este es el origen de la Medicina Personalizada y el Coaching de Salud.<\/p>\n<\/div><\/div><\/div><\/div><\/div><div class=\"fusion-fullwidth fullwidth-box fusion-builder-row-3 fusion-flex-container has-pattern-background has-mask-background nonhundred-percent-fullwidth non-hundred-percent-height-scrolling\" style=\"--awb-border-radius-top-left:0px;--awb-border-radius-top-right:0px;--awb-border-radius-bottom-right:0px;--awb-border-radius-bottom-left:0px;--awb-padding-top:5%;--awb-padding-bottom:4%;--awb-padding-bottom-medium:20px;--awb-padding-top-small:40px;--awb-padding-bottom-small:0px;--awb-background-color:var(--awb-color2);--awb-flex-wrap:wrap;\" ><div class=\"fusion-builder-row fusion-row fusion-flex-align-items-flex-start fusion-flex-justify-content-center fusion-flex-content-wrap\" style=\"max-width:1248px;margin-left: calc(-4% \/ 2 );margin-right: calc(-4% \/ 2 );\"><div class=\"fusion-layout-column fusion_builder_column fusion-builder-column-2 fusion_builder_column_3_4 3_4 fusion-flex-column\" style=\"--awb-bg-size:cover;--awb-width-large:75%;--awb-margin-top-large:0px;--awb-spacing-right-large:2.56%;--awb-margin-bottom-large:20px;--awb-spacing-left-large:2.56%;--awb-width-medium:100%;--awb-order-medium:0;--awb-spacing-right-medium:1.92%;--awb-spacing-left-medium:1.92%;--awb-width-small:100%;--awb-order-small:0;--awb-spacing-right-small:1.92%;--awb-spacing-left-small:1.92%;\"><div class=\"fusion-column-wrapper fusion-column-has-shadow fusion-flex-justify-content-flex-start fusion-content-layout-column\"><div class=\"fusion-text fusion-text-2\"><p>Un soldado de primera clase regres\u00f3 del sur de Afganist\u00e1n con una medalla al valor bajo el fuego y el trauma silencioso experimentado por los combatientes de guerra de todas las generaciones. Este infante de marina beb\u00eda hasta dormirse todas las noches y pronto sufri\u00f3 varias infracciones por conducir ebrio, incluida una en la base. El soldado lleg\u00f3 a mi despacho como un expediente de defensa penal, y yo fui el juez defensor que lo represent\u00f3 en una audiencia administrativa de separaci\u00f3n. El oficial al mando recomend\u00f3 que el Cuerpo de Marines diera de baja al soldado de primera clase en condiciones no honorables, lo que le denegar\u00eda las prestaciones de veterano a pesar de su condecoraci\u00f3n al valor.<\/p>\n<p>Como abogado defensor, solicit\u00e9 el historial m\u00e9dico del soldado en busca de una historia que contar a la junta administrativa. Lo que encontr\u00e9 me decepcion\u00f3, pero ofrec\u00eda a los Marines una defensa cre\u00edble. En una evaluaci\u00f3n m\u00e9dica posterior al despliegue, el soldado describi\u00f3 sus pesadillas, que trataba con un paquete de doce cervezas para pasar la noche. Los registros no conten\u00edan ning\u00fan diagn\u00f3stico de abuso de sustancias, rehabilitaci\u00f3n previa a las infracciones por conducir bajo los efectos del alcohol, ni pruebas de que el m\u00e9dico hubiera le\u00eddo la historia de mi cliente.<\/p>\n<p>Armado con esta informaci\u00f3n, llam\u00e9 al jefe de mi cliente, el artillero de divisi\u00f3n y suboficial jefe 5 (CWO5), uno de los combatientes m\u00e1s respetados del Cuerpo de Marines. El artillero de divisi\u00f3n describi\u00f3 a mi cliente como uno de sus mejores infantes de marina y estuvo a punto de perder los estribos cuando le habl\u00e9 de las pesadillas, el alcohol y la autodenuncia en una PHA.<\/p>\n<p>El artillero de la Divisi\u00f3n acept\u00f3 testificar a favor de su marine y lleg\u00f3 a la sala del tribunal con un mont\u00f3n de medallas y una cicatriz sobre el ojo, donde sobrevivi\u00f3 a un disparo de 7,62 mm en la cara. Tras su lesi\u00f3n, se rehabilit\u00f3 en Walter Reed, donde pas\u00f3 tiempo con marines y soldados heridos, muchos de ellos con la mitad de su edad. No pod\u00eda haber mejor testigo para defender al soldado de primera clase.<\/p>\n<p>En la vista de separaci\u00f3n administrativa, llam\u00e9 al artillero de divisi\u00f3n al estrado y le pregunt\u00e9 su nombre, su destino y su relaci\u00f3n con mi cliente. Luego me hice a un lado y escuch\u00e9 un serm\u00f3n. El artillero habl\u00f3 del solemne deber de no abandonar nunca a un marine en el campo de batalla o en tierra firme. Culp\u00f3 al m\u00e9dico por no haberse tomado el tiempo de leer la historia de trauma y alcoholismo del soldado de primera clase descrita en la PHA. El artillero de divisi\u00f3n culp\u00f3 al sistema m\u00e9dico por no garantizar el acceso a una asistencia sanitaria de calidad. La junta administrativa retuvo al PFC y se disculp\u00f3 por el fallo del sistema m\u00e9dico.<\/p>\n<p>Un a\u00f1o m\u00e1s tarde, mi antiguo cliente apareci\u00f3 en mi despacho sosteniendo una placa que hoy cuelga sobre mi licencia m\u00e9dica. En ella se lee: \u00abAquel que resucita a los grandes marines, te lo agradecemos sinceramente. Semper Fidelis\u00bb.<\/p>\n<p>Fui a la facultad de medicina para prestar atenci\u00f3n m\u00e9dica de primera clase a Marines como este soldado de primera clase. Me ense\u00f1\u00f3 la importancia de comprender la historia de un paciente, una lecci\u00f3n que llevo conmigo hoy en d\u00eda.<\/p>\n<p>Despu\u00e9s de la formaci\u00f3n m\u00e9dica, tuve el honor de volver al Cuerpo de Marines como m\u00e9dico de la Marina. Le\u00eda historiales m\u00e9dicos, escuchaba historias y daba a los pacientes mi n\u00famero de tel\u00e9fono para que se comunicaran siempre que me necesitaran. Aumentando el acceso y fomentando la comunicaci\u00f3n independientemente de los inconvenientes personales, constru\u00ed relaciones m\u00e9dico-paciente duraderas y mejor\u00e9 los resultados cl\u00ednicos. Aporto la misma filosof\u00eda m\u00e9dica a la Medicina Personalizada y al Coaching de Salud, reconociendo que \u00abcada paciente cuenta una historia\u00bb.<\/p>\n<\/div><\/div><\/div><\/div><\/div><\/p>\n","protected":false},"excerpt":{"rendered":"","protected":false},"author":1,"featured_media":0,"parent":0,"menu_order":0,"comment_status":"closed","ping_status":"closed","template":"100-width.php","meta":{"footnotes":""},"class_list":["post-747","page","type-page","status-publish","hentry"],"yoast_head":"<!-- This site is optimized with the Yoast SEO plugin v23.6 - https:\/\/yoast.com\/wordpress\/plugins\/seo\/ -->\n<title>Mi historia de origen | Dr. Mark Hardman, MD, JD<\/title>\n<meta name=\"description\" content=\"Conozca el viaje personal del Dr. Mark Hardman desde el derecho hasta la medicina y c\u00f3mo sus experiencias dieron forma a su compromiso de mejorar la salud a trav\u00e9s de la medicina personalizada y el asesoramiento en salud. Descubra c\u00f3mo la experiencia del Dr. Hardman en derecho y servicio militar influye en su enfoque de la atenci\u00f3n al paciente.\" \/>\n<meta name=\"robots\" content=\"index, follow, max-snippet:-1, max-image-preview:large, max-video-preview:-1\" \/>\n<link rel=\"canonical\" href=\"https:\/\/www.drmarkhardman.com\/es\/historia-del-origen\/\" \/>\n<meta property=\"og:locale\" content=\"en_US\" \/>\n<meta property=\"og:type\" content=\"article\" \/>\n<meta property=\"og:title\" content=\"Mi historia de origen | Dr. Mark Hardman, MD, JD\" \/>\n<meta property=\"og:description\" content=\"Conozca el viaje personal del Dr. Mark Hardman desde el derecho hasta la medicina y c\u00f3mo sus experiencias dieron forma a su compromiso de mejorar la salud a trav\u00e9s de la medicina personalizada y el asesoramiento en salud. Descubra c\u00f3mo la experiencia del Dr. Hardman en derecho y servicio militar influye en su enfoque de la atenci\u00f3n al paciente.\" \/>\n<meta property=\"og:url\" content=\"https:\/\/www.drmarkhardman.com\/es\/historia-del-origen\/\" \/>\n<meta property=\"og:site_name\" content=\"Personalized Medicine and Health Coaching, PLLC\" \/>\n<meta property=\"article:modified_time\" content=\"2024-11-22T08:28:00+00:00\" \/>\n<meta name=\"twitter:card\" content=\"summary_large_image\" \/>\n<meta name=\"twitter:label1\" content=\"Est. reading time\" \/>\n\t<meta name=\"twitter:data1\" content=\"4 minutes\" \/>\n<script type=\"application\/ld+json\" class=\"yoast-schema-graph\">{\"@context\":\"https:\/\/schema.org\",\"@graph\":[{\"@type\":\"WebPage\",\"@id\":\"https:\/\/www.drmarkhardman.com\/es\/historia-del-origen\/\",\"url\":\"https:\/\/www.drmarkhardman.com\/es\/historia-del-origen\/\",\"name\":\"Mi historia de origen | Dr. Mark Hardman, MD, JD\",\"isPartOf\":{\"@id\":\"https:\/\/www.drmarkhardman.com\/es\/#website\"},\"datePublished\":\"2024-09-23T10:09:35+00:00\",\"dateModified\":\"2024-11-22T08:28:00+00:00\",\"description\":\"Conozca el viaje personal del Dr. Mark Hardman desde el derecho hasta la medicina y c\u00f3mo sus experiencias dieron forma a su compromiso de mejorar la salud a trav\u00e9s de la medicina personalizada y el asesoramiento en salud. Descubra c\u00f3mo la experiencia del Dr. Hardman en derecho y servicio militar influye en su enfoque de la atenci\u00f3n al paciente.\",\"breadcrumb\":{\"@id\":\"https:\/\/www.drmarkhardman.com\/es\/historia-del-origen\/#breadcrumb\"},\"inLanguage\":\"en\",\"potentialAction\":[{\"@type\":\"ReadAction\",\"target\":[\"https:\/\/www.drmarkhardman.com\/es\/historia-del-origen\/\"]}]},{\"@type\":\"BreadcrumbList\",\"@id\":\"https:\/\/www.drmarkhardman.com\/es\/historia-del-origen\/#breadcrumb\",\"itemListElement\":[{\"@type\":\"ListItem\",\"position\":1,\"name\":\"Home\",\"item\":\"https:\/\/www.drmarkhardman.com\/es\/\"},{\"@type\":\"ListItem\",\"position\":2,\"name\":\"Historia del origen\"}]},{\"@type\":\"WebSite\",\"@id\":\"https:\/\/www.drmarkhardman.com\/es\/#website\",\"url\":\"https:\/\/www.drmarkhardman.com\/es\/\",\"name\":\"Personalized Medicine and Health Coaching, PLLC\",\"description\":\"\",\"potentialAction\":[{\"@type\":\"SearchAction\",\"target\":{\"@type\":\"EntryPoint\",\"urlTemplate\":\"https:\/\/www.drmarkhardman.com\/es\/?s={search_term_string}\"},\"query-input\":{\"@type\":\"PropertyValueSpecification\",\"valueRequired\":true,\"valueName\":\"search_term_string\"}}],\"inLanguage\":\"en\"}]}<\/script>\n<!-- \/ Yoast SEO plugin. -->","yoast_head_json":{"title":"Mi historia de origen | Dr. Mark Hardman, MD, JD","description":"Conozca el viaje personal del Dr. Mark Hardman desde el derecho hasta la medicina y c\u00f3mo sus experiencias dieron forma a su compromiso de mejorar la salud a trav\u00e9s de la medicina personalizada y el asesoramiento en salud. Descubra c\u00f3mo la experiencia del Dr. Hardman en derecho y servicio militar influye en su enfoque de la atenci\u00f3n al paciente.","robots":{"index":"index","follow":"follow","max-snippet":"max-snippet:-1","max-image-preview":"max-image-preview:large","max-video-preview":"max-video-preview:-1"},"canonical":"https:\/\/www.drmarkhardman.com\/es\/historia-del-origen\/","og_locale":"en_US","og_type":"article","og_title":"Mi historia de origen | Dr. Mark Hardman, MD, JD","og_description":"Conozca el viaje personal del Dr. Mark Hardman desde el derecho hasta la medicina y c\u00f3mo sus experiencias dieron forma a su compromiso de mejorar la salud a trav\u00e9s de la medicina personalizada y el asesoramiento en salud. Descubra c\u00f3mo la experiencia del Dr. Hardman en derecho y servicio militar influye en su enfoque de la atenci\u00f3n al paciente.","og_url":"https:\/\/www.drmarkhardman.com\/es\/historia-del-origen\/","og_site_name":"Personalized Medicine and Health Coaching, PLLC","article_modified_time":"2024-11-22T08:28:00+00:00","twitter_card":"summary_large_image","twitter_misc":{"Est. reading time":"4 minutes"},"schema":{"@context":"https:\/\/schema.org","@graph":[{"@type":"WebPage","@id":"https:\/\/www.drmarkhardman.com\/es\/historia-del-origen\/","url":"https:\/\/www.drmarkhardman.com\/es\/historia-del-origen\/","name":"Mi historia de origen | Dr. Mark Hardman, MD, JD","isPartOf":{"@id":"https:\/\/www.drmarkhardman.com\/es\/#website"},"datePublished":"2024-09-23T10:09:35+00:00","dateModified":"2024-11-22T08:28:00+00:00","description":"Conozca el viaje personal del Dr. Mark Hardman desde el derecho hasta la medicina y c\u00f3mo sus experiencias dieron forma a su compromiso de mejorar la salud a trav\u00e9s de la medicina personalizada y el asesoramiento en salud. Descubra c\u00f3mo la experiencia del Dr. Hardman en derecho y servicio militar influye en su enfoque de la atenci\u00f3n al paciente.","breadcrumb":{"@id":"https:\/\/www.drmarkhardman.com\/es\/historia-del-origen\/#breadcrumb"},"inLanguage":"en","potentialAction":[{"@type":"ReadAction","target":["https:\/\/www.drmarkhardman.com\/es\/historia-del-origen\/"]}]},{"@type":"BreadcrumbList","@id":"https:\/\/www.drmarkhardman.com\/es\/historia-del-origen\/#breadcrumb","itemListElement":[{"@type":"ListItem","position":1,"name":"Home","item":"https:\/\/www.drmarkhardman.com\/es\/"},{"@type":"ListItem","position":2,"name":"Historia del origen"}]},{"@type":"WebSite","@id":"https:\/\/www.drmarkhardman.com\/es\/#website","url":"https:\/\/www.drmarkhardman.com\/es\/","name":"Personalized Medicine and Health Coaching, PLLC","description":"","potentialAction":[{"@type":"SearchAction","target":{"@type":"EntryPoint","urlTemplate":"https:\/\/www.drmarkhardman.com\/es\/?s={search_term_string}"},"query-input":{"@type":"PropertyValueSpecification","valueRequired":true,"valueName":"search_term_string"}}],"inLanguage":"en"}]}},"_links":{"self":[{"href":"https:\/\/www.drmarkhardman.com\/es\/wp-json\/wp\/v2\/pages\/747"}],"collection":[{"href":"https:\/\/www.drmarkhardman.com\/es\/wp-json\/wp\/v2\/pages"}],"about":[{"href":"https:\/\/www.drmarkhardman.com\/es\/wp-json\/wp\/v2\/types\/page"}],"author":[{"embeddable":true,"href":"https:\/\/www.drmarkhardman.com\/es\/wp-json\/wp\/v2\/users\/1"}],"replies":[{"embeddable":true,"href":"https:\/\/www.drmarkhardman.com\/es\/wp-json\/wp\/v2\/comments?post=747"}],"version-history":[{"count":17,"href":"https:\/\/www.drmarkhardman.com\/es\/wp-json\/wp\/v2\/pages\/747\/revisions"}],"predecessor-version":[{"id":1179,"href":"https:\/\/www.drmarkhardman.com\/es\/wp-json\/wp\/v2\/pages\/747\/revisions\/1179"}],"wp:attachment":[{"href":"https:\/\/www.drmarkhardman.com\/es\/wp-json\/wp\/v2\/media?parent=747"}],"curies":[{"name":"wp","href":"https:\/\/api.w.org\/{rel}","templated":true}]}}