{"id":548,"date":"2024-09-18T06:48:51","date_gmt":"2024-09-18T06:48:51","guid":{"rendered":"https:\/\/www.drmarkhardman.com\/es\/?page_id=548"},"modified":"2024-11-22T06:48:46","modified_gmt":"2024-11-22T06:48:46","slug":"atencion-en-espanol","status":"publish","type":"page","link":"https:\/\/www.drmarkhardman.com\/es\/atencion-en-espanol\/","title":{"rendered":"Atenci\u00f3n en Espa\u00f1ol"},"content":{"rendered":"<p><div class=\"fusion-fullwidth fullwidth-box fusion-builder-row-1 fusion-flex-container has-pattern-background has-mask-background fusion-parallax-none nonhundred-percent-fullwidth non-hundred-percent-height-scrolling\" style=\"--awb-background-blend-mode:overlay;--awb-border-radius-top-left:0px;--awb-border-radius-top-right:0px;--awb-border-radius-bottom-right:0px;--awb-border-radius-bottom-left:0px;--awb-padding-top:200px;--awb-padding-bottom:140px;--awb-padding-top-medium:70px;--awb-padding-bottom-medium:50px;--awb-padding-top-small:50px;--awb-padding-bottom-small:40px;--awb-background-color:rgba(20,22,23,0.38);--awb-background-image:url(&quot;https:\/\/www.drmarkhardman.com\/es\/wp-content\/uploads\/2024\/10\/IMG_6170-1.webp&quot;);--awb-background-size:cover;--awb-flex-wrap:wrap;\" ><div class=\"fusion-builder-row fusion-row fusion-flex-align-items-flex-start fusion-flex-content-wrap\" style=\"max-width:1248px;margin-left: calc(-4% \/ 2 );margin-right: calc(-4% \/ 2 );\"><div class=\"fusion-layout-column fusion_builder_column fusion-builder-column-0 fusion_builder_column_1_1 1_1 fusion-flex-column\" style=\"--awb-bg-size:cover;--awb-width-large:100%;--awb-margin-top-large:0px;--awb-spacing-right-large:1.92%;--awb-margin-bottom-large:20px;--awb-spacing-left-large:1.92%;--awb-width-medium:100%;--awb-order-medium:0;--awb-spacing-right-medium:1.92%;--awb-spacing-left-medium:1.92%;--awb-width-small:100%;--awb-order-small:0;--awb-spacing-right-small:1.92%;--awb-spacing-left-small:1.92%;\"><div class=\"fusion-column-wrapper fusion-column-has-shadow fusion-flex-justify-content-flex-start fusion-content-layout-column\"><div class=\"fusion-title title fusion-title-1 fusion-sep-none fusion-title-center fusion-title-text fusion-title-size-one\" style=\"--awb-text-color:var(--awb-color1);--awb-margin-top:0px;\"><h1 class=\"fusion-title-heading title-heading-center fusion-responsive-typography-calculated\" style=\"margin:0;--fontSize:64;line-height:var(--awb-typography1-line-height);\">Atenci\u00f3n en Espa\u00f1ol<\/h1><\/div><div class=\"fusion-separator\" style=\"align-self: center;margin-left: auto;margin-right: auto;margin-bottom:30px;width:100%;max-width:200px;\"><div class=\"fusion-separator-border sep-single sep-dashed\" style=\"--awb-height:20px;--awb-amount:20px;--awb-sep-color:var(--awb-color1);border-color:var(--awb-color1);border-top-width:1px;\"><\/div><\/div><\/div><\/div><\/div><\/div>\n<div class=\"fusion-fullwidth fullwidth-box fusion-builder-row-2 fusion-flex-container has-pattern-background has-mask-background img-cus-full hundred-percent-fullwidth non-hundred-percent-height-scrolling\" style=\"--awb-border-radius-top-left:0px;--awb-border-radius-top-right:0px;--awb-border-radius-bottom-right:0px;--awb-border-radius-bottom-left:0px;--awb-padding-top:0px;--awb-padding-right:0px;--awb-padding-bottom:0px;--awb-padding-left:0px;--awb-padding-top-small:50px;--awb-padding-right-small:30px;--awb-padding-bottom-small:50px;--awb-padding-left-small:30px;--awb-flex-wrap:wrap;\" ><div class=\"fusion-builder-row fusion-row fusion-flex-align-items-stretch fusion-flex-content-wrap\" style=\"width:104% !important;max-width:104% !important;margin-left: calc(-4% \/ 2 );margin-right: calc(-4% \/ 2 );\"><div class=\"fusion-layout-column fusion_builder_column fusion-builder-column-1 fusion_builder_column_1_2 1_2 fusion-flex-column fusion-flex-align-self-stretch fusion-animated\" style=\"--awb-bg-position:center center;--awb-bg-size:cover;--awb-width-large:50%;--awb-margin-top-large:0px;--awb-spacing-right-large:0px;--awb-margin-bottom-large:0px;--awb-spacing-left-large:0px;--awb-width-medium:50%;--awb-order-medium:0;--awb-spacing-right-medium:0px;--awb-spacing-left-medium:0px;--awb-width-small:100%;--awb-order-small:0;--awb-spacing-right-small:1.92%;--awb-margin-bottom-small:20px;--awb-spacing-left-small:1.92%;\" data-animationType=\"fadeInRight\" data-animationDuration=\"1.0\" data-animationOffset=\"top-into-view\"><div class=\"fusion-column-wrapper fusion-column-has-shadow fusion-flex-justify-content-flex-start fusion-content-layout-column\"><div class=\"fusion-image-element \" style=\"--awb-caption-title-font-family:var(--h2_typography-font-family);--awb-caption-title-font-weight:var(--h2_typography-font-weight);--awb-caption-title-font-style:var(--h2_typography-font-style);--awb-caption-title-size:var(--h2_typography-font-size);--awb-caption-title-transform:var(--h2_typography-text-transform);--awb-caption-title-line-height:var(--h2_typography-line-height);--awb-caption-title-letter-spacing:var(--h2_typography-letter-spacing);\"><span class=\" fusion-imageframe imageframe-none imageframe-1 hover-type-none\"><img decoding=\"async\" width=\"607\" height=\"650\" alt=\"Dr. Mark Hardman, m\u00e9dico, padre, esposo y veterano, que ofrece servicios de telesalud personalizados con un enfoque en la prevenci\u00f3n de enfermedades cr\u00f3nicas y la mejora de la salud general.\" title=\"IMG_5767-2\" src=\"https:\/\/www.drmarkhardman.com\/es\/wp-content\/uploads\/2024\/09\/IMG_5767-2.jpg\" class=\"img-responsive wp-image-141\" srcset=\"https:\/\/www.drmarkhardman.com\/es\/wp-content\/uploads\/2024\/09\/IMG_5767-2-200x214.jpg 200w, https:\/\/www.drmarkhardman.com\/es\/wp-content\/uploads\/2024\/09\/IMG_5767-2-400x428.jpg 400w, https:\/\/www.drmarkhardman.com\/es\/wp-content\/uploads\/2024\/09\/IMG_5767-2-600x643.jpg 600w, https:\/\/www.drmarkhardman.com\/es\/wp-content\/uploads\/2024\/09\/IMG_5767-2.jpg 607w\" sizes=\"(max-width: 640px) 100vw, 607px\" \/><\/span><\/div><\/div><\/div><div class=\"fusion-layout-column fusion_builder_column fusion-builder-column-2 fusion_builder_column_1_2 1_2 fusion-flex-column fusion-flex-align-self-stretch fusion-animated\" style=\"--awb-padding-top:20px;--awb-padding-right:70px;--awb-padding-bottom:20px;--awb-padding-left:70px;--awb-padding-top-medium:0px;--awb-padding-right-medium:40px;--awb-padding-bottom-medium:0px;--awb-padding-left-medium:40px;--awb-padding-top-small:0px;--awb-padding-right-small:0px;--awb-padding-bottom-small:0px;--awb-padding-left-small:0px;--awb-bg-size:cover;--awb-width-large:50%;--awb-margin-top-large:0px;--awb-spacing-right-large:0px;--awb-margin-bottom-large:0px;--awb-spacing-left-large:0px;--awb-width-medium:50%;--awb-order-medium:0;--awb-spacing-right-medium:0px;--awb-spacing-left-medium:0px;--awb-width-small:100%;--awb-order-small:0;--awb-spacing-right-small:1.92%;--awb-margin-bottom-small:0px;--awb-spacing-left-small:1.92%;\" data-animationType=\"fadeInLeft\" data-animationDuration=\"1.0\" data-animationOffset=\"top-into-view\"><div class=\"fusion-column-wrapper fusion-column-has-shadow fusion-flex-justify-content-center fusion-content-layout-column\"><div class=\"fusion-title title fusion-title-2 fusion-sep-none fusion-title-text fusion-title-size-paragraph\" style=\"--awb-text-color:var(--awb-color5);--awb-font-size:14px;\"><p class=\"fusion-title-heading title-heading-left title-heading-tag fusion-responsive-typography-calculated\" style=\"margin:0;font-size:1em;text-transform:uppercase;--fontSize:14;--minFontSize:14;line-height:var(--awb-typography4-line-height);\">Atenci\u00f3n en Espa\u00f1ol<\/p><\/div><div class=\"fusion-title title fusion-title-3 fusion-sep-none fusion-title-text fusion-title-size-two\" style=\"--awb-margin-top:0px;\"><h2 class=\"fusion-title-heading title-heading-left fusion-responsive-typography-calculated\" style=\"margin:0;--fontSize:36;line-height:var(--awb-typography1-line-height);\">PADRE, ESPOSO, M\u00c9DICO Y VETERANO<\/h2><\/div><div class=\"fusion-separator\" style=\"align-self: flex-start;margin-right:auto;margin-bottom:20px;width:100%;max-width:200px;\"><div class=\"fusion-separator-border sep-single sep-dashed\" style=\"--awb-height:20px;--awb-amount:20px;--awb-sep-color:var(--awb-color5);border-color:var(--awb-color5);border-top-width:1px;\"><\/div><\/div><div class=\"fusion-text fusion-text-1\"><p>Bienvenido a Personalized Medicine and Health Coaching. Soy Mark Hardman y estoy emocionado de ofrecer servicios de telemedicina concierge enfocados en la prevenci\u00f3n de enfermedades cr\u00f3nicas y la mejora de la salud en general.<\/p>\n<p>Crec\u00ed en Newport News, Virginia, me gradu\u00e9 de Virginia Tech y obtuve mi t\u00edtulo de abogado en la Universidad de Virginia, donde gan\u00e9 dos campeonatos nacionales de ciclismo universitario antes de aprobar el examen del Colegio de Abogados de Virginia. Mi carrera legal abarc\u00f3 el derecho sanitario, el an\u00e1lisis regulatorio y la defensa criminal, tanto en el sector privado como en el militar. Durante mi tiempo como abogado del Cuerpo de Marines, fui testigo de primera mano de la falta de acceso a atenci\u00f3n primaria de alta calidad y centrada en el paciente para los miembros del servicio que regresaban de la guerra. Esa experiencia aliment\u00f3 mi decisi\u00f3n de seguir una carrera en la medicina.<\/p>\n<\/div><\/div><\/div><\/div><\/div><div class=\"fusion-fullwidth fullwidth-box fusion-builder-row-3 fusion-flex-container has-pattern-background has-mask-background img-cus-full nonhundred-percent-fullwidth non-hundred-percent-height-scrolling\" style=\"--awb-border-radius-top-left:0px;--awb-border-radius-top-right:0px;--awb-border-radius-bottom-right:0px;--awb-border-radius-bottom-left:0px;--awb-padding-top:0px;--awb-padding-bottom:0px;--awb-padding-top-small:0px;--awb-padding-right-small:30px;--awb-padding-bottom-small:40px;--awb-padding-left-small:30px;--awb-flex-wrap:wrap;\" ><div class=\"fusion-builder-row fusion-row fusion-flex-align-items-stretch fusion-flex-content-wrap\" style=\"max-width:1248px;margin-left: calc(-4% \/ 2 );margin-right: calc(-4% \/ 2 );\"><div class=\"fusion-layout-column fusion_builder_column fusion-builder-column-3 fusion_builder_column_1_1 1_1 fusion-flex-column fusion-flex-align-self-stretch fusion-animated\" style=\"--awb-padding-top:60px;--awb-padding-right:70px;--awb-padding-bottom:60px;--awb-padding-left:70px;--awb-padding-top-medium:0px;--awb-padding-right-medium:40px;--awb-padding-bottom-medium:0px;--awb-padding-left-medium:40px;--awb-padding-top-small:0px;--awb-padding-right-small:0px;--awb-padding-bottom-small:0px;--awb-padding-left-small:0px;--awb-bg-size:cover;--awb-width-large:100%;--awb-margin-top-large:0px;--awb-spacing-right-large:0px;--awb-margin-bottom-large:0px;--awb-spacing-left-large:0px;--awb-width-medium:100%;--awb-order-medium:0;--awb-spacing-right-medium:0px;--awb-spacing-left-medium:0px;--awb-width-small:100%;--awb-order-small:1;--awb-spacing-right-small:1.92%;--awb-spacing-left-small:1.92%;\" data-animationType=\"fadeInLeft\" data-animationDuration=\"1.0\" data-animationOffset=\"top-into-view\"><div class=\"fusion-column-wrapper fusion-column-has-shadow fusion-flex-justify-content-center fusion-content-layout-column\"><div class=\"fusion-text fusion-text-2\"><p>Obtuve mi t\u00edtulo de m\u00e9dico (MD) en la Universidad de Servicios Uniformados y complet\u00e9 una pasant\u00eda en psiquiatr\u00eda antes de regresar al Cuerpo de Marines como m\u00e9dico de atenci\u00f3n primaria para dos misiones. Les di a mis pacientes mi n\u00famero de tel\u00e9fono personal y me mantuve comprometido a brindar atenci\u00f3n de clase mundial a nuestros combatientes.<\/p>\n<p>Ahora, como civil, estoy continuando mi educaci\u00f3n en bio\u00e9tica en la Facultad de Medicina de Harvard mientras tomo cursos de pol\u00edtica de salud e innovaci\u00f3n en la Escuela de Salud P\u00fablica de Harvard y en la Escuela de Negocios de Harvard. Mi objetivo es llevar el modelo de atenci\u00f3n concierge a la telemedicina, mejorando el acceso de los pacientes y brindando atenci\u00f3n personalizada y preventiva. Como especialista cl\u00ednico en lipidolog\u00eda y educador certificado en diabetes, utilizo mi experiencia para ayudar a los pacientes a alcanzar una salud \u00f3ptima.<\/p>\n<p>Me apasiona estar al d\u00eda con la literatura m\u00e9dica, especialmente en \u00e1reas como enfermedades cardiometab\u00f3licas, obesidad y longevidad. Tambi\u00e9n tengo un gran inter\u00e9s en la salud sexual, la terapia de reemplazo hormonal y en ayudar a los pacientes a diferenciar entre el bombo publicitario y la medicina basada en la evidencia.<\/p>\n<p>En Personalized Medicine and Health Coaching, estoy construyendo una pr\u00e1ctica de telemedicina concierge para pacientes en Florida, Nueva York y Virginia. Con una suscripci\u00f3n mensual, tendr\u00e1s acceso garantizado a atenci\u00f3n m\u00e9dica enfocada en la prevenci\u00f3n de enfermedades y el mantenimiento de la salud. Estoy ansioso por conocerte y trabajar juntos para mejorar tu salud y bienestar.<\/p>\n<p>Cordialmente,<\/p>\n<p>Mark Hardman<\/p>\n<\/div><\/div><\/div><\/div><\/div><div class=\"fusion-fullwidth fullwidth-box fusion-builder-row-4 fusion-flex-container has-pattern-background has-mask-background nonhundred-percent-fullwidth non-hundred-percent-height-scrolling\" style=\"--awb-border-radius-top-left:0px;--awb-border-radius-top-right:0px;--awb-border-radius-bottom-right:0px;--awb-border-radius-bottom-left:0px;--awb-padding-top:5%;--awb-padding-bottom:4%;--awb-background-color:var(--awb-color2);--awb-flex-wrap:wrap;\" ><div class=\"fusion-builder-row fusion-row fusion-flex-align-items-flex-start fusion-flex-justify-content-center fusion-flex-content-wrap\" style=\"max-width:1248px;margin-left: calc(-4% \/ 2 );margin-right: calc(-4% \/ 2 );\"><div class=\"fusion-layout-column fusion_builder_column fusion-builder-column-4 fusion_builder_column_3_4 3_4 fusion-flex-column\" style=\"--awb-bg-size:cover;--awb-width-large:75%;--awb-margin-top-large:0px;--awb-spacing-right-large:2.56%;--awb-margin-bottom-large:20px;--awb-spacing-left-large:2.56%;--awb-width-medium:100%;--awb-order-medium:0;--awb-spacing-right-medium:1.92%;--awb-spacing-left-medium:1.92%;--awb-width-small:100%;--awb-order-small:0;--awb-spacing-right-small:1.92%;--awb-spacing-left-small:1.92%;\"><div class=\"fusion-column-wrapper fusion-column-has-shadow fusion-flex-justify-content-flex-start fusion-content-layout-column\"><div class=\"fusion-title title fusion-title-4 fusion-sep-none fusion-title-text fusion-title-size-three\" style=\"--awb-margin-bottom:0px;\"><h3 class=\"fusion-title-heading title-heading-left fusion-responsive-typography-calculated\" style=\"margin:0;--fontSize:30;line-height:var(--awb-typography1-line-height);\">Education:<\/h3><\/div><ul style=\"--awb-divider-color:#d8d8d8;--awb-line-height:27.2px;--awb-icon-width:27.2px;--awb-icon-height:27.2px;--awb-icon-margin:11.2px;--awb-content-margin:38.4px;--awb-circlecolor:var(--awb-color4);--awb-circle-yes-font-size:14.08px;\" class=\"fusion-checklist fusion-checklist-1 fusion-checklist-default fusion-checklist-divider type-icons\"><li class=\"fusion-li-item\" style=\"\"><span class=\"icon-wrapper circle-yes\"><i class=\"fusion-li-icon awb-icon-check\" aria-hidden=\"true\"><\/i><\/span><div class=\"fusion-li-item-content\">\n<p>Harvard Medical School, M.S. in Bioethics, expected 2025<\/p>\n<\/div><\/li><li class=\"fusion-li-item\" style=\"\"><span class=\"icon-wrapper circle-yes\"><i class=\"fusion-li-icon awb-icon-check\" aria-hidden=\"true\"><\/i><\/span><div class=\"fusion-li-item-content\">Uniformed Services University, M.D., 2018<\/div><\/li><li class=\"fusion-li-item\" style=\"\"><span class=\"icon-wrapper circle-yes\"><i class=\"fusion-li-icon awb-icon-check\" aria-hidden=\"true\"><\/i><\/span><div class=\"fusion-li-item-content\">University of Virginia School of Law, J.D., 2007<\/div><\/li><li class=\"fusion-li-item\" style=\"\"><span class=\"icon-wrapper circle-yes\"><i class=\"fusion-li-icon awb-icon-check\" aria-hidden=\"true\"><\/i><\/span><div class=\"fusion-li-item-content\">Virginia Tech, B.A. in Finance, 2004<\/div><\/li><\/ul><\/div><\/div><\/div><\/div><\/p>\n","protected":false},"excerpt":{"rendered":"","protected":false},"author":1,"featured_media":0,"parent":0,"menu_order":0,"comment_status":"closed","ping_status":"closed","template":"100-width.php","meta":{"footnotes":""},"class_list":["post-548","page","type-page","status-publish","hentry"],"yoast_head":"<!-- This site is optimized with the Yoast SEO plugin v23.6 - https:\/\/yoast.com\/wordpress\/plugins\/seo\/ -->\n<title>DR. Mark Hardman, MD, JD | Servicios de telesalud de conserjer\u00eda<\/title>\n<meta name=\"description\" content=\"Descubra la atenci\u00f3n m\u00e9dica personalizada con DR. Mark Hardman, MD, JD, ofrece servicios de telesalud de conserjer\u00eda centrados en prevenir enfermedades cr\u00f3nicas, mejorar la salud general y brindar atenci\u00f3n m\u00e9dica experta. Con una experiencia \u00fanica en derecho, servicio militar y medicina, el Dr. Hardman se dedica a ayudarlo a lograr una salud \u00f3ptima.\" \/>\n<meta name=\"robots\" content=\"index, follow, max-snippet:-1, max-image-preview:large, max-video-preview:-1\" \/>\n<link rel=\"canonical\" href=\"https:\/\/www.drmarkhardman.com\/es\/atencion-en-espanol\/\" \/>\n<meta property=\"og:locale\" content=\"en_US\" \/>\n<meta property=\"og:type\" content=\"article\" \/>\n<meta property=\"og:title\" content=\"DR. Mark Hardman, MD, JD | Servicios de telesalud de conserjer\u00eda\" \/>\n<meta property=\"og:description\" content=\"Descubra la atenci\u00f3n m\u00e9dica personalizada con DR. Mark Hardman, MD, JD, ofrece servicios de telesalud de conserjer\u00eda centrados en prevenir enfermedades cr\u00f3nicas, mejorar la salud general y brindar atenci\u00f3n m\u00e9dica experta. Con una experiencia \u00fanica en derecho, servicio militar y medicina, el Dr. Hardman se dedica a ayudarlo a lograr una salud \u00f3ptima.\" \/>\n<meta property=\"og:url\" content=\"https:\/\/www.drmarkhardman.com\/es\/atencion-en-espanol\/\" \/>\n<meta property=\"og:site_name\" content=\"Personalized Medicine and Health Coaching, PLLC\" \/>\n<meta property=\"article:modified_time\" content=\"2024-11-22T06:48:46+00:00\" \/>\n<meta name=\"twitter:card\" content=\"summary_large_image\" \/>\n<meta name=\"twitter:label1\" content=\"Est. reading time\" \/>\n\t<meta name=\"twitter:data1\" content=\"3 minutes\" \/>\n<script type=\"application\/ld+json\" class=\"yoast-schema-graph\">{\"@context\":\"https:\/\/schema.org\",\"@graph\":[{\"@type\":\"WebPage\",\"@id\":\"https:\/\/www.drmarkhardman.com\/es\/atencion-en-espanol\/\",\"url\":\"https:\/\/www.drmarkhardman.com\/es\/atencion-en-espanol\/\",\"name\":\"DR. Mark Hardman, MD, JD | Servicios de telesalud de conserjer\u00eda\",\"isPartOf\":{\"@id\":\"https:\/\/www.drmarkhardman.com\/es\/#website\"},\"datePublished\":\"2024-09-18T06:48:51+00:00\",\"dateModified\":\"2024-11-22T06:48:46+00:00\",\"description\":\"Descubra la atenci\u00f3n m\u00e9dica personalizada con DR. Mark Hardman, MD, JD, ofrece servicios de telesalud de conserjer\u00eda centrados en prevenir enfermedades cr\u00f3nicas, mejorar la salud general y brindar atenci\u00f3n m\u00e9dica experta. Con una experiencia \u00fanica en derecho, servicio militar y medicina, el Dr. Hardman se dedica a ayudarlo a lograr una salud \u00f3ptima.\",\"breadcrumb\":{\"@id\":\"https:\/\/www.drmarkhardman.com\/es\/atencion-en-espanol\/#breadcrumb\"},\"inLanguage\":\"en\",\"potentialAction\":[{\"@type\":\"ReadAction\",\"target\":[\"https:\/\/www.drmarkhardman.com\/es\/atencion-en-espanol\/\"]}]},{\"@type\":\"BreadcrumbList\",\"@id\":\"https:\/\/www.drmarkhardman.com\/es\/atencion-en-espanol\/#breadcrumb\",\"itemListElement\":[{\"@type\":\"ListItem\",\"position\":1,\"name\":\"Home\",\"item\":\"https:\/\/www.drmarkhardman.com\/es\/\"},{\"@type\":\"ListItem\",\"position\":2,\"name\":\"Atenci\u00f3n en Espa\u00f1ol\"}]},{\"@type\":\"WebSite\",\"@id\":\"https:\/\/www.drmarkhardman.com\/es\/#website\",\"url\":\"https:\/\/www.drmarkhardman.com\/es\/\",\"name\":\"Personalized Medicine and Health Coaching, PLLC\",\"description\":\"\",\"potentialAction\":[{\"@type\":\"SearchAction\",\"target\":{\"@type\":\"EntryPoint\",\"urlTemplate\":\"https:\/\/www.drmarkhardman.com\/es\/?s={search_term_string}\"},\"query-input\":{\"@type\":\"PropertyValueSpecification\",\"valueRequired\":true,\"valueName\":\"search_term_string\"}}],\"inLanguage\":\"en\"}]}<\/script>\n<!-- \/ Yoast SEO plugin. -->","yoast_head_json":{"title":"DR. Mark Hardman, MD, JD | Servicios de telesalud de conserjer\u00eda","description":"Descubra la atenci\u00f3n m\u00e9dica personalizada con DR. Mark Hardman, MD, JD, ofrece servicios de telesalud de conserjer\u00eda centrados en prevenir enfermedades cr\u00f3nicas, mejorar la salud general y brindar atenci\u00f3n m\u00e9dica experta. Con una experiencia \u00fanica en derecho, servicio militar y medicina, el Dr. Hardman se dedica a ayudarlo a lograr una salud \u00f3ptima.","robots":{"index":"index","follow":"follow","max-snippet":"max-snippet:-1","max-image-preview":"max-image-preview:large","max-video-preview":"max-video-preview:-1"},"canonical":"https:\/\/www.drmarkhardman.com\/es\/atencion-en-espanol\/","og_locale":"en_US","og_type":"article","og_title":"DR. Mark Hardman, MD, JD | Servicios de telesalud de conserjer\u00eda","og_description":"Descubra la atenci\u00f3n m\u00e9dica personalizada con DR. Mark Hardman, MD, JD, ofrece servicios de telesalud de conserjer\u00eda centrados en prevenir enfermedades cr\u00f3nicas, mejorar la salud general y brindar atenci\u00f3n m\u00e9dica experta. Con una experiencia \u00fanica en derecho, servicio militar y medicina, el Dr. Hardman se dedica a ayudarlo a lograr una salud \u00f3ptima.","og_url":"https:\/\/www.drmarkhardman.com\/es\/atencion-en-espanol\/","og_site_name":"Personalized Medicine and Health Coaching, PLLC","article_modified_time":"2024-11-22T06:48:46+00:00","twitter_card":"summary_large_image","twitter_misc":{"Est. reading time":"3 minutes"},"schema":{"@context":"https:\/\/schema.org","@graph":[{"@type":"WebPage","@id":"https:\/\/www.drmarkhardman.com\/es\/atencion-en-espanol\/","url":"https:\/\/www.drmarkhardman.com\/es\/atencion-en-espanol\/","name":"DR. Mark Hardman, MD, JD | Servicios de telesalud de conserjer\u00eda","isPartOf":{"@id":"https:\/\/www.drmarkhardman.com\/es\/#website"},"datePublished":"2024-09-18T06:48:51+00:00","dateModified":"2024-11-22T06:48:46+00:00","description":"Descubra la atenci\u00f3n m\u00e9dica personalizada con DR. Mark Hardman, MD, JD, ofrece servicios de telesalud de conserjer\u00eda centrados en prevenir enfermedades cr\u00f3nicas, mejorar la salud general y brindar atenci\u00f3n m\u00e9dica experta. Con una experiencia \u00fanica en derecho, servicio militar y medicina, el Dr. Hardman se dedica a ayudarlo a lograr una salud \u00f3ptima.","breadcrumb":{"@id":"https:\/\/www.drmarkhardman.com\/es\/atencion-en-espanol\/#breadcrumb"},"inLanguage":"en","potentialAction":[{"@type":"ReadAction","target":["https:\/\/www.drmarkhardman.com\/es\/atencion-en-espanol\/"]}]},{"@type":"BreadcrumbList","@id":"https:\/\/www.drmarkhardman.com\/es\/atencion-en-espanol\/#breadcrumb","itemListElement":[{"@type":"ListItem","position":1,"name":"Home","item":"https:\/\/www.drmarkhardman.com\/es\/"},{"@type":"ListItem","position":2,"name":"Atenci\u00f3n en Espa\u00f1ol"}]},{"@type":"WebSite","@id":"https:\/\/www.drmarkhardman.com\/es\/#website","url":"https:\/\/www.drmarkhardman.com\/es\/","name":"Personalized Medicine and Health Coaching, PLLC","description":"","potentialAction":[{"@type":"SearchAction","target":{"@type":"EntryPoint","urlTemplate":"https:\/\/www.drmarkhardman.com\/es\/?s={search_term_string}"},"query-input":{"@type":"PropertyValueSpecification","valueRequired":true,"valueName":"search_term_string"}}],"inLanguage":"en"}]}},"_links":{"self":[{"href":"https:\/\/www.drmarkhardman.com\/es\/wp-json\/wp\/v2\/pages\/548"}],"collection":[{"href":"https:\/\/www.drmarkhardman.com\/es\/wp-json\/wp\/v2\/pages"}],"about":[{"href":"https:\/\/www.drmarkhardman.com\/es\/wp-json\/wp\/v2\/types\/page"}],"author":[{"embeddable":true,"href":"https:\/\/www.drmarkhardman.com\/es\/wp-json\/wp\/v2\/users\/1"}],"replies":[{"embeddable":true,"href":"https:\/\/www.drmarkhardman.com\/es\/wp-json\/wp\/v2\/comments?post=548"}],"version-history":[{"count":12,"href":"https:\/\/www.drmarkhardman.com\/es\/wp-json\/wp\/v2\/pages\/548\/revisions"}],"predecessor-version":[{"id":1273,"href":"https:\/\/www.drmarkhardman.com\/es\/wp-json\/wp\/v2\/pages\/548\/revisions\/1273"}],"wp:attachment":[{"href":"https:\/\/www.drmarkhardman.com\/es\/wp-json\/wp\/v2\/media?parent=548"}],"curies":[{"name":"wp","href":"https:\/\/api.w.org\/{rel}","templated":true}]}}