{"id":534,"date":"2024-09-18T06:12:28","date_gmt":"2024-09-18T06:12:28","guid":{"rendered":"https:\/\/www.drmarkhardman.com\/es\/?page_id=534"},"modified":"2024-11-22T08:20:08","modified_gmt":"2024-11-22T08:20:08","slug":"pruebas-metabolicas","status":"publish","type":"page","link":"https:\/\/www.drmarkhardman.com\/es\/pruebas-metabolicas\/","title":{"rendered":"Pruebas metab\u00f3licas"},"content":{"rendered":"<p><div class=\"fusion-fullwidth fullwidth-box fusion-builder-row-1 fusion-flex-container has-pattern-background has-mask-background fusion-parallax-none nonhundred-percent-fullwidth non-hundred-percent-height-scrolling\" style=\"--awb-background-blend-mode:overlay;--awb-border-radius-top-left:0px;--awb-border-radius-top-right:0px;--awb-border-radius-bottom-right:0px;--awb-border-radius-bottom-left:0px;--awb-padding-top:200px;--awb-padding-bottom:140px;--awb-padding-top-medium:70px;--awb-padding-bottom-medium:50px;--awb-padding-top-small:50px;--awb-padding-bottom-small:40px;--awb-background-color:rgba(20,22,23,0.38);--awb-background-image:url(&quot;https:\/\/www.drmarkhardman.com\/es\/wp-content\/uploads\/2024\/10\/IMG_6170-1.webp&quot;);--awb-background-size:cover;--awb-flex-wrap:wrap;\" ><div class=\"fusion-builder-row fusion-row fusion-flex-align-items-flex-start fusion-flex-content-wrap\" style=\"max-width:1248px;margin-left: calc(-4% \/ 2 );margin-right: calc(-4% \/ 2 );\"><div class=\"fusion-layout-column fusion_builder_column fusion-builder-column-0 fusion_builder_column_1_1 1_1 fusion-flex-column\" style=\"--awb-bg-size:cover;--awb-width-large:100%;--awb-margin-top-large:0px;--awb-spacing-right-large:1.92%;--awb-margin-bottom-large:20px;--awb-spacing-left-large:1.92%;--awb-width-medium:100%;--awb-order-medium:0;--awb-spacing-right-medium:1.92%;--awb-spacing-left-medium:1.92%;--awb-width-small:100%;--awb-order-small:0;--awb-spacing-right-small:1.92%;--awb-spacing-left-small:1.92%;\"><div class=\"fusion-column-wrapper fusion-column-has-shadow fusion-flex-justify-content-flex-start fusion-content-layout-column\"><div class=\"fusion-title title fusion-title-1 fusion-sep-none fusion-title-center fusion-title-text fusion-title-size-one\" style=\"--awb-text-color:var(--awb-color1);--awb-margin-top:0px;\"><h1 class=\"fusion-title-heading title-heading-center fusion-responsive-typography-calculated\" style=\"margin:0;--fontSize:64;line-height:var(--awb-typography1-line-height);\">Pruebas metab\u00f3licas<\/h1><\/div><div class=\"fusion-separator\" style=\"align-self: center;margin-left: auto;margin-right: auto;margin-bottom:30px;width:100%;max-width:200px;\"><div class=\"fusion-separator-border sep-single sep-dashed\" style=\"--awb-height:20px;--awb-amount:20px;--awb-sep-color:var(--awb-color1);border-color:var(--awb-color1);border-top-width:1px;\"><\/div><\/div><\/div><\/div><\/div><\/div>\n<div id=\"risk-reduction\" class=\"fusion-container-anchor\"><div class=\"fusion-fullwidth fullwidth-box fusion-builder-row-2 fusion-flex-container has-pattern-background has-mask-background img-cus-full hundred-percent-fullwidth non-hundred-percent-height-scrolling\" style=\"--awb-border-radius-top-left:0px;--awb-border-radius-top-right:0px;--awb-border-radius-bottom-right:0px;--awb-border-radius-bottom-left:0px;--awb-padding-top:0px;--awb-padding-right:0px;--awb-padding-bottom:0px;--awb-padding-left:0px;--awb-padding-top-small:50px;--awb-padding-right-small:30px;--awb-padding-bottom-small:20px;--awb-padding-left-small:30px;--awb-flex-wrap:wrap;\" ><div class=\"fusion-builder-row fusion-row fusion-flex-align-items-stretch fusion-flex-content-wrap\" style=\"width:104% !important;max-width:104% !important;margin-left: calc(-4% \/ 2 );margin-right: calc(-4% \/ 2 );\"><div class=\"fusion-layout-column fusion_builder_column fusion-builder-column-1 fusion_builder_column_1_2 1_2 fusion-flex-column fusion-flex-align-self-stretch fusion-animated\" style=\"--awb-bg-image:url(&#039;https:\/\/www.drmarkhardman.com\/es\/wp-content\/uploads\/2024\/09\/IMG_5941.jpeg&#039;);--awb-bg-position:center center;--awb-bg-size:cover;--awb-width-large:50%;--awb-margin-top-large:0px;--awb-spacing-right-large:0px;--awb-margin-bottom-large:0px;--awb-spacing-left-large:0px;--awb-width-medium:50%;--awb-order-medium:0;--awb-spacing-right-medium:0px;--awb-spacing-left-medium:0px;--awb-width-small:100%;--awb-order-small:0;--awb-spacing-right-small:1.92%;--awb-margin-bottom-small:20px;--awb-spacing-left-small:1.92%;\" data-animationType=\"fadeInRight\" data-animationDuration=\"1.0\" data-animationOffset=\"top-into-view\" data-scroll-devices=\"small-visibility,medium-visibility,large-visibility\"><div class=\"fusion-column-wrapper fusion-column-has-shadow fusion-flex-justify-content-center fusion-content-layout-column fusion-empty-column-bg-image fusion-column-has-bg-image\" data-bg-url=\"https:\/\/www.drmarkhardman.com\/es\/wp-content\/uploads\/2024\/09\/IMG_5941.jpeg\"><img decoding=\"async\" class=\"fusion-empty-dims-img-placeholder fusion-no-large-visibility fusion-no-medium-visibility\" src=\"data:image\/svg+xml,%3Csvg%20xmlns%3D%27http%3A%2F%2Fwww.w3.org%2F2000%2Fsvg%27%20width%3D%271060%27%20height%3D%27673%27%20viewBox%3D%270%200%201060%20673%27%3E%3Crect%20width%3D%271060%27%20height%3D%27673%27%20fill-opacity%3D%220%22%2F%3E%3C%2Fsvg%3E\"><\/div><\/div><div class=\"fusion-layout-column fusion_builder_column fusion-builder-column-2 fusion_builder_column_1_2 1_2 fusion-flex-column fusion-flex-align-self-stretch fusion-animated\" style=\"--awb-padding-top:90px;--awb-padding-right:70px;--awb-padding-bottom:90px;--awb-padding-left:70px;--awb-padding-top-medium:30px;--awb-padding-right-medium:30px;--awb-padding-bottom-medium:30px;--awb-padding-left-medium:30px;--awb-padding-top-small:0px;--awb-padding-right-small:0px;--awb-padding-bottom-small:0px;--awb-padding-left-small:0px;--awb-bg-size:cover;--awb-width-large:50%;--awb-margin-top-large:0px;--awb-spacing-right-large:0px;--awb-margin-bottom-large:0px;--awb-spacing-left-large:0px;--awb-width-medium:50%;--awb-order-medium:0;--awb-spacing-right-medium:0px;--awb-spacing-left-medium:0px;--awb-width-small:100%;--awb-order-small:0;--awb-spacing-right-small:1.92%;--awb-margin-bottom-small:0px;--awb-spacing-left-small:1.92%;\" data-animationType=\"fadeInLeft\" data-animationDuration=\"1.0\" data-animationOffset=\"top-into-view\" data-scroll-devices=\"small-visibility,medium-visibility,large-visibility\"><div class=\"fusion-column-wrapper fusion-column-has-shadow fusion-flex-justify-content-center fusion-content-layout-column\"><div class=\"fusion-title title fusion-title-2 fusion-sep-none fusion-title-text fusion-title-size-paragraph\" style=\"--awb-text-color:var(--awb-color5);--awb-margin-bottom-small:0px;--awb-font-size:14px;\"><p class=\"fusion-title-heading title-heading-left title-heading-tag fusion-responsive-typography-calculated\" style=\"margin:0;font-size:1em;text-transform:uppercase;--fontSize:14;--minFontSize:14;line-height:var(--awb-typography4-line-height);\">Medir el consumo de ox\u00edgeno en reposo para estimar con precisi\u00f3n su tasa metab\u00f3lica basal.<\/p><\/div><div class=\"fusion-title title fusion-title-3 fusion-sep-none fusion-title-text fusion-title-size-two\" style=\"--awb-margin-top:0px;--awb-margin-top-small:0px;\"><h2 class=\"fusion-title-heading title-heading-left fusion-responsive-typography-calculated\" style=\"margin:0;--fontSize:36;line-height:var(--awb-typography1-line-height);\">Pruebas metab\u00f3licas<\/h2><\/div><div class=\"fusion-separator\" style=\"align-self: flex-start;margin-right:auto;margin-bottom:30px;width:100%;max-width:200px;\"><div class=\"fusion-separator-border sep-single sep-dashed\" style=\"--awb-height:20px;--awb-amount:20px;--awb-sep-color:var(--awb-color5);border-color:var(--awb-color5);border-top-width:1px;\"><\/div><\/div><div class=\"fusion-text fusion-text-1\"><p>Al medir su consumo de ox\u00edgeno en reposo, podemos estimar con precisi\u00f3n su tasa metab\u00f3lica basal y hacer recomendaciones diet\u00e9ticas precisas. Tambi\u00e9n podemos realizar pruebas de VO2 m\u00e1ximo para evaluar su capacidad cardiorrespiratoria, y hacer un seguimiento del resultado para mejorar el rendimiento y como marcador de longevidad. Juntos, optimizaremos su salud para retrasar la aparici\u00f3n de enfermedades cr\u00f3nicas y mejorar su bienestar general.<\/p>\n<\/div><div ><a class=\"fusion-button button-flat fusion-button-default-size button-default fusion-button-default button-1 fusion-button-default-span fusion-button-default-type\" target=\"_blank\" rel=\"noopener noreferrer\" href=\"https:\/\/vo2master.com\/physiology-of-maximal-oxygen-consumption\/\"><span class=\"fusion-button-text\">Fisiolog\u00eda del consumo m\u00e1ximo de ox\u00edgeno<\/span><\/a><\/div><div ><a class=\"fusion-button button-flat fusion-button-default-size button-default fusion-button-default button-2 fusion-button-default-span fusion-button-default-type\" style=\"--button_margin-top:20px;\" target=\"_blank\" rel=\"noopener noreferrer\" href=\"https:\/\/www.ideafit.com\/wp-content\/uploads\/files\/_archive\/062005_calculatin.pdf\"><span class=\"fusion-button-text\">Calcular el gasto cal\u00f3rico<\/span><\/a><\/div><\/div><\/div><\/div><\/div><\/div><\/p>\n","protected":false},"excerpt":{"rendered":"","protected":false},"author":1,"featured_media":0,"parent":0,"menu_order":0,"comment_status":"closed","ping_status":"closed","template":"100-width.php","meta":{"footnotes":""},"class_list":["post-534","page","type-page","status-publish","hentry"],"yoast_head":"<!-- This site is optimized with the Yoast SEO plugin v23.6 - https:\/\/yoast.com\/wordpress\/plugins\/seo\/ -->\n<title>Pruebas metab\u00f3licas | Dr. Mark Hardman, MD, JD<\/title>\n<meta name=\"description\" content=\"Optimice su salud con las pruebas metab\u00f3licas del Dr. Mark Hardman, MD, JD. Mida el consumo de ox\u00edgeno en reposo y eval\u00fae su tasa metab\u00f3lica basal para obtener recomendaciones diet\u00e9ticas y de acondicionamiento f\u00edsico personalizadas. Mejore su rendimiento y longevidad con las pruebas de VO2 m\u00e1ximo, dise\u00f1adas para realizar un seguimiento de su salud cardiorrespiratoria y respaldar la prevenci\u00f3n de enfermedades.\" \/>\n<meta name=\"robots\" content=\"index, follow, max-snippet:-1, max-image-preview:large, max-video-preview:-1\" \/>\n<link rel=\"canonical\" href=\"https:\/\/www.drmarkhardman.com\/es\/pruebas-metabolicas\/\" \/>\n<meta property=\"og:locale\" content=\"en_US\" \/>\n<meta property=\"og:type\" content=\"article\" \/>\n<meta property=\"og:title\" content=\"Pruebas metab\u00f3licas | Dr. Mark Hardman, MD, JD\" \/>\n<meta property=\"og:description\" content=\"Optimice su salud con las pruebas metab\u00f3licas del Dr. Mark Hardman, MD, JD. Mida el consumo de ox\u00edgeno en reposo y eval\u00fae su tasa metab\u00f3lica basal para obtener recomendaciones diet\u00e9ticas y de acondicionamiento f\u00edsico personalizadas. Mejore su rendimiento y longevidad con las pruebas de VO2 m\u00e1ximo, dise\u00f1adas para realizar un seguimiento de su salud cardiorrespiratoria y respaldar la prevenci\u00f3n de enfermedades.\" \/>\n<meta property=\"og:url\" content=\"https:\/\/www.drmarkhardman.com\/es\/pruebas-metabolicas\/\" \/>\n<meta property=\"og:site_name\" content=\"Personalized Medicine and Health Coaching, PLLC\" \/>\n<meta property=\"article:modified_time\" content=\"2024-11-22T08:20:08+00:00\" \/>\n<meta name=\"twitter:card\" content=\"summary_large_image\" \/>\n<meta name=\"twitter:label1\" content=\"Est. reading time\" \/>\n\t<meta name=\"twitter:data1\" content=\"1 minute\" \/>\n<script type=\"application\/ld+json\" class=\"yoast-schema-graph\">{\"@context\":\"https:\/\/schema.org\",\"@graph\":[{\"@type\":\"WebPage\",\"@id\":\"https:\/\/www.drmarkhardman.com\/es\/pruebas-metabolicas\/\",\"url\":\"https:\/\/www.drmarkhardman.com\/es\/pruebas-metabolicas\/\",\"name\":\"Pruebas metab\u00f3licas | Dr. Mark Hardman, MD, JD\",\"isPartOf\":{\"@id\":\"https:\/\/www.drmarkhardman.com\/es\/#website\"},\"datePublished\":\"2024-09-18T06:12:28+00:00\",\"dateModified\":\"2024-11-22T08:20:08+00:00\",\"description\":\"Optimice su salud con las pruebas metab\u00f3licas del Dr. Mark Hardman, MD, JD. Mida el consumo de ox\u00edgeno en reposo y eval\u00fae su tasa metab\u00f3lica basal para obtener recomendaciones diet\u00e9ticas y de acondicionamiento f\u00edsico personalizadas. Mejore su rendimiento y longevidad con las pruebas de VO2 m\u00e1ximo, dise\u00f1adas para realizar un seguimiento de su salud cardiorrespiratoria y respaldar la prevenci\u00f3n de enfermedades.\",\"breadcrumb\":{\"@id\":\"https:\/\/www.drmarkhardman.com\/es\/pruebas-metabolicas\/#breadcrumb\"},\"inLanguage\":\"en\",\"potentialAction\":[{\"@type\":\"ReadAction\",\"target\":[\"https:\/\/www.drmarkhardman.com\/es\/pruebas-metabolicas\/\"]}]},{\"@type\":\"BreadcrumbList\",\"@id\":\"https:\/\/www.drmarkhardman.com\/es\/pruebas-metabolicas\/#breadcrumb\",\"itemListElement\":[{\"@type\":\"ListItem\",\"position\":1,\"name\":\"Home\",\"item\":\"https:\/\/www.drmarkhardman.com\/es\/\"},{\"@type\":\"ListItem\",\"position\":2,\"name\":\"Pruebas metab\u00f3licas\"}]},{\"@type\":\"WebSite\",\"@id\":\"https:\/\/www.drmarkhardman.com\/es\/#website\",\"url\":\"https:\/\/www.drmarkhardman.com\/es\/\",\"name\":\"Personalized Medicine and Health Coaching, PLLC\",\"description\":\"\",\"potentialAction\":[{\"@type\":\"SearchAction\",\"target\":{\"@type\":\"EntryPoint\",\"urlTemplate\":\"https:\/\/www.drmarkhardman.com\/es\/?s={search_term_string}\"},\"query-input\":{\"@type\":\"PropertyValueSpecification\",\"valueRequired\":true,\"valueName\":\"search_term_string\"}}],\"inLanguage\":\"en\"}]}<\/script>\n<!-- \/ Yoast SEO plugin. -->","yoast_head_json":{"title":"Pruebas metab\u00f3licas | Dr. Mark Hardman, MD, JD","description":"Optimice su salud con las pruebas metab\u00f3licas del Dr. Mark Hardman, MD, JD. Mida el consumo de ox\u00edgeno en reposo y eval\u00fae su tasa metab\u00f3lica basal para obtener recomendaciones diet\u00e9ticas y de acondicionamiento f\u00edsico personalizadas. Mejore su rendimiento y longevidad con las pruebas de VO2 m\u00e1ximo, dise\u00f1adas para realizar un seguimiento de su salud cardiorrespiratoria y respaldar la prevenci\u00f3n de enfermedades.","robots":{"index":"index","follow":"follow","max-snippet":"max-snippet:-1","max-image-preview":"max-image-preview:large","max-video-preview":"max-video-preview:-1"},"canonical":"https:\/\/www.drmarkhardman.com\/es\/pruebas-metabolicas\/","og_locale":"en_US","og_type":"article","og_title":"Pruebas metab\u00f3licas | Dr. Mark Hardman, MD, JD","og_description":"Optimice su salud con las pruebas metab\u00f3licas del Dr. Mark Hardman, MD, JD. Mida el consumo de ox\u00edgeno en reposo y eval\u00fae su tasa metab\u00f3lica basal para obtener recomendaciones diet\u00e9ticas y de acondicionamiento f\u00edsico personalizadas. Mejore su rendimiento y longevidad con las pruebas de VO2 m\u00e1ximo, dise\u00f1adas para realizar un seguimiento de su salud cardiorrespiratoria y respaldar la prevenci\u00f3n de enfermedades.","og_url":"https:\/\/www.drmarkhardman.com\/es\/pruebas-metabolicas\/","og_site_name":"Personalized Medicine and Health Coaching, PLLC","article_modified_time":"2024-11-22T08:20:08+00:00","twitter_card":"summary_large_image","twitter_misc":{"Est. reading time":"1 minute"},"schema":{"@context":"https:\/\/schema.org","@graph":[{"@type":"WebPage","@id":"https:\/\/www.drmarkhardman.com\/es\/pruebas-metabolicas\/","url":"https:\/\/www.drmarkhardman.com\/es\/pruebas-metabolicas\/","name":"Pruebas metab\u00f3licas | Dr. Mark Hardman, MD, JD","isPartOf":{"@id":"https:\/\/www.drmarkhardman.com\/es\/#website"},"datePublished":"2024-09-18T06:12:28+00:00","dateModified":"2024-11-22T08:20:08+00:00","description":"Optimice su salud con las pruebas metab\u00f3licas del Dr. Mark Hardman, MD, JD. Mida el consumo de ox\u00edgeno en reposo y eval\u00fae su tasa metab\u00f3lica basal para obtener recomendaciones diet\u00e9ticas y de acondicionamiento f\u00edsico personalizadas. Mejore su rendimiento y longevidad con las pruebas de VO2 m\u00e1ximo, dise\u00f1adas para realizar un seguimiento de su salud cardiorrespiratoria y respaldar la prevenci\u00f3n de enfermedades.","breadcrumb":{"@id":"https:\/\/www.drmarkhardman.com\/es\/pruebas-metabolicas\/#breadcrumb"},"inLanguage":"en","potentialAction":[{"@type":"ReadAction","target":["https:\/\/www.drmarkhardman.com\/es\/pruebas-metabolicas\/"]}]},{"@type":"BreadcrumbList","@id":"https:\/\/www.drmarkhardman.com\/es\/pruebas-metabolicas\/#breadcrumb","itemListElement":[{"@type":"ListItem","position":1,"name":"Home","item":"https:\/\/www.drmarkhardman.com\/es\/"},{"@type":"ListItem","position":2,"name":"Pruebas metab\u00f3licas"}]},{"@type":"WebSite","@id":"https:\/\/www.drmarkhardman.com\/es\/#website","url":"https:\/\/www.drmarkhardman.com\/es\/","name":"Personalized Medicine and Health Coaching, PLLC","description":"","potentialAction":[{"@type":"SearchAction","target":{"@type":"EntryPoint","urlTemplate":"https:\/\/www.drmarkhardman.com\/es\/?s={search_term_string}"},"query-input":{"@type":"PropertyValueSpecification","valueRequired":true,"valueName":"search_term_string"}}],"inLanguage":"en"}]}},"_links":{"self":[{"href":"https:\/\/www.drmarkhardman.com\/es\/wp-json\/wp\/v2\/pages\/534"}],"collection":[{"href":"https:\/\/www.drmarkhardman.com\/es\/wp-json\/wp\/v2\/pages"}],"about":[{"href":"https:\/\/www.drmarkhardman.com\/es\/wp-json\/wp\/v2\/types\/page"}],"author":[{"embeddable":true,"href":"https:\/\/www.drmarkhardman.com\/es\/wp-json\/wp\/v2\/users\/1"}],"replies":[{"embeddable":true,"href":"https:\/\/www.drmarkhardman.com\/es\/wp-json\/wp\/v2\/comments?post=534"}],"version-history":[{"count":13,"href":"https:\/\/www.drmarkhardman.com\/es\/wp-json\/wp\/v2\/pages\/534\/revisions"}],"predecessor-version":[{"id":1294,"href":"https:\/\/www.drmarkhardman.com\/es\/wp-json\/wp\/v2\/pages\/534\/revisions\/1294"}],"wp:attachment":[{"href":"https:\/\/www.drmarkhardman.com\/es\/wp-json\/wp\/v2\/media?parent=534"}],"curies":[{"name":"wp","href":"https:\/\/api.w.org\/{rel}","templated":true}]}}