{"id":468,"date":"2024-09-17T06:12:18","date_gmt":"2024-09-17T06:12:18","guid":{"rendered":"https:\/\/www.drmarkhardman.com\/es\/?page_id=468"},"modified":"2024-11-22T07:09:46","modified_gmt":"2024-11-22T07:09:46","slug":"veteranos-de-combate","status":"publish","type":"page","link":"https:\/\/www.drmarkhardman.com\/es\/veteranos-de-combate\/","title":{"rendered":"Veteranos de combate"},"content":{"rendered":"<p><div class=\"fusion-fullwidth fullwidth-box fusion-builder-row-1 fusion-flex-container has-pattern-background has-mask-background fusion-parallax-none nonhundred-percent-fullwidth non-hundred-percent-height-scrolling\" style=\"--awb-background-blend-mode:overlay;--awb-border-radius-top-left:0px;--awb-border-radius-top-right:0px;--awb-border-radius-bottom-right:0px;--awb-border-radius-bottom-left:0px;--awb-padding-top:200px;--awb-padding-bottom:140px;--awb-padding-top-medium:70px;--awb-padding-bottom-medium:50px;--awb-padding-top-small:50px;--awb-padding-bottom-small:40px;--awb-background-color:rgba(20,22,23,0.38);--awb-background-image:url(&quot;https:\/\/www.drmarkhardman.com\/es\/wp-content\/uploads\/2024\/10\/IMG_6170-1.webp&quot;);--awb-background-size:cover;--awb-flex-wrap:wrap;\" ><div class=\"fusion-builder-row fusion-row fusion-flex-align-items-flex-start fusion-flex-content-wrap\" style=\"max-width:1248px;margin-left: calc(-4% \/ 2 );margin-right: calc(-4% \/ 2 );\"><div class=\"fusion-layout-column fusion_builder_column fusion-builder-column-0 fusion_builder_column_1_1 1_1 fusion-flex-column\" style=\"--awb-bg-size:cover;--awb-width-large:100%;--awb-margin-top-large:0px;--awb-spacing-right-large:1.92%;--awb-margin-bottom-large:20px;--awb-spacing-left-large:1.92%;--awb-width-medium:100%;--awb-order-medium:0;--awb-spacing-right-medium:1.92%;--awb-spacing-left-medium:1.92%;--awb-width-small:100%;--awb-order-small:0;--awb-spacing-right-small:1.92%;--awb-spacing-left-small:1.92%;\"><div class=\"fusion-column-wrapper fusion-column-has-shadow fusion-flex-justify-content-flex-start fusion-content-layout-column\"><div class=\"fusion-title title fusion-title-1 fusion-sep-none fusion-title-center fusion-title-text fusion-title-size-one\" style=\"--awb-text-color:var(--awb-color1);--awb-margin-top:0px;\"><h1 class=\"fusion-title-heading title-heading-center fusion-responsive-typography-calculated\" style=\"margin:0;--fontSize:64;line-height:var(--awb-typography1-line-height);\">Veteranos de combate<\/h1><\/div><div class=\"fusion-separator\" style=\"align-self: center;margin-left: auto;margin-right: auto;margin-bottom:30px;width:100%;max-width:200px;\"><div class=\"fusion-separator-border sep-single sep-dashed\" style=\"--awb-height:20px;--awb-amount:20px;--awb-sep-color:var(--awb-color1);border-color:var(--awb-color1);border-top-width:1px;\"><\/div><\/div><\/div><\/div><\/div><\/div>\n<div id=\"risk-reduction\" class=\"fusion-container-anchor\"><div class=\"fusion-fullwidth fullwidth-box fusion-builder-row-2 fusion-flex-container has-pattern-background has-mask-background img-cus-full hundred-percent-fullwidth non-hundred-percent-height-scrolling\" style=\"--awb-border-radius-top-left:0px;--awb-border-radius-top-right:0px;--awb-border-radius-bottom-right:0px;--awb-border-radius-bottom-left:0px;--awb-padding-top:0px;--awb-padding-right:0px;--awb-padding-bottom:0px;--awb-padding-left:0px;--awb-padding-top-small:50px;--awb-padding-right-small:30px;--awb-padding-bottom-small:20px;--awb-padding-left-small:30px;--awb-flex-wrap:wrap;\" ><div class=\"fusion-builder-row fusion-row fusion-flex-align-items-stretch fusion-flex-content-wrap\" style=\"width:104% !important;max-width:104% !important;margin-left: calc(-4% \/ 2 );margin-right: calc(-4% \/ 2 );\"><div class=\"fusion-layout-column fusion_builder_column fusion-builder-column-1 fusion_builder_column_1_2 1_2 fusion-flex-column fusion-flex-align-self-stretch fusion-animated\" style=\"--awb-bg-image:url(&#039;https:\/\/www.drmarkhardman.com\/es\/wp-content\/uploads\/2024\/09\/AdobeStock_795266353.jpg&#039;);--awb-bg-position:center top;--awb-bg-size:cover;--awb-width-large:50%;--awb-margin-top-large:0px;--awb-spacing-right-large:0px;--awb-margin-bottom-large:0px;--awb-spacing-left-large:0px;--awb-width-medium:50%;--awb-order-medium:0;--awb-spacing-right-medium:0px;--awb-spacing-left-medium:0px;--awb-width-small:100%;--awb-order-small:0;--awb-spacing-right-small:1.92%;--awb-margin-bottom-small:20px;--awb-spacing-left-small:1.92%;\" data-animationType=\"fadeInRight\" data-animationDuration=\"1.0\" data-animationOffset=\"top-into-view\" data-scroll-devices=\"small-visibility,medium-visibility,large-visibility\"><div class=\"fusion-column-wrapper fusion-column-has-shadow fusion-flex-justify-content-center fusion-content-layout-column fusion-empty-column-bg-image fusion-column-has-bg-image\" data-bg-url=\"https:\/\/www.drmarkhardman.com\/es\/wp-content\/uploads\/2024\/09\/AdobeStock_795266353.jpg\"><img decoding=\"async\" class=\"fusion-empty-dims-img-placeholder fusion-no-large-visibility fusion-no-medium-visibility\" src=\"data:image\/svg+xml,%3Csvg%20xmlns%3D%27http%3A%2F%2Fwww.w3.org%2F2000%2Fsvg%27%20width%3D%271000%27%20height%3D%27560%27%20viewBox%3D%270%200%201000%20560%27%3E%3Crect%20width%3D%271000%27%20height%3D%27560%27%20fill-opacity%3D%220%22%2F%3E%3C%2Fsvg%3E\"><\/div><\/div><div class=\"fusion-layout-column fusion_builder_column fusion-builder-column-2 fusion_builder_column_1_2 1_2 fusion-flex-column fusion-flex-align-self-stretch fusion-animated\" style=\"--awb-padding-top:90px;--awb-padding-right:70px;--awb-padding-bottom:90px;--awb-padding-left:70px;--awb-padding-top-medium:30px;--awb-padding-right-medium:30px;--awb-padding-bottom-medium:30px;--awb-padding-left-medium:30px;--awb-padding-top-small:0px;--awb-padding-right-small:0px;--awb-padding-bottom-small:0px;--awb-padding-left-small:0px;--awb-bg-size:cover;--awb-width-large:50%;--awb-margin-top-large:0px;--awb-spacing-right-large:0px;--awb-margin-bottom-large:0px;--awb-spacing-left-large:0px;--awb-width-medium:50%;--awb-order-medium:0;--awb-spacing-right-medium:0px;--awb-spacing-left-medium:0px;--awb-width-small:100%;--awb-order-small:0;--awb-spacing-right-small:1.92%;--awb-margin-bottom-small:0px;--awb-spacing-left-small:1.92%;\" data-animationType=\"fadeInLeft\" data-animationDuration=\"1.0\" data-animationOffset=\"top-into-view\" data-scroll-devices=\"small-visibility,medium-visibility,large-visibility\"><div class=\"fusion-column-wrapper fusion-column-has-shadow fusion-flex-justify-content-center fusion-content-layout-column\"><div class=\"fusion-title title fusion-title-2 fusion-sep-none fusion-title-text fusion-title-size-paragraph\" style=\"--awb-text-color:var(--awb-color5);--awb-margin-bottom-small:0px;--awb-font-size:14px;\"><p class=\"fusion-title-heading title-heading-left title-heading-tag fusion-responsive-typography-calculated\" style=\"margin:0;font-size:1em;text-transform:uppercase;--fontSize:14;--minFontSize:14;line-height:var(--awb-typography4-line-height);\">Servicio a soldados de la Marina y operadores especiales<\/p><\/div><div class=\"fusion-title title fusion-title-3 fusion-sep-none fusion-title-text fusion-title-size-two\" style=\"--awb-margin-top:0px;--awb-margin-top-small:0px;\"><h2 class=\"fusion-title-heading title-heading-left fusion-responsive-typography-calculated\" style=\"margin:0;--fontSize:36;line-height:var(--awb-typography1-line-height);\">Retribuir a los veteranos de combate<\/h2><\/div><div class=\"fusion-separator\" style=\"align-self: flex-start;margin-right:auto;margin-bottom:30px;width:100%;max-width:200px;\"><div class=\"fusion-separator-border sep-single sep-dashed\" style=\"--awb-height:20px;--awb-amount:20px;--awb-sep-color:var(--awb-color5);border-color:var(--awb-color5);border-top-width:1px;\"><\/div><\/div><div class=\"fusion-text fusion-text-1 fusion-text-no-margin\" style=\"--awb-margin-bottom:0px;\"><p>Estoy orgulloso de reservar el 10% de mi panel de pacientes para los combatientes de guerra de Estados Unidos. En reconocimiento a su servicio y sacrificio, los veteranos de infanter\u00eda y operaciones especiales del Cuerpo de Marines pueden recibir una tarifa especial de 25 $\/mes. Para calificar, usted debe tener:<\/p>\n<\/div><ul style=\"--awb-margin-bottom:30px;--awb-iconcolor:var(--awb-color8);--awb-line-height:27.2px;--awb-icon-width:27.2px;--awb-icon-height:27.2px;--awb-icon-margin:11.2px;--awb-content-margin:38.4px;\" class=\"fusion-checklist fusion-checklist-1 fusion-checklist-default fusion-checklist-divider type-icons\"><li class=\"fusion-li-item\" style=\"\"><span class=\"icon-wrapper circle-no\"><i class=\"fusion-li-icon fa-circle fas\" aria-hidden=\"true\"><\/i><\/span><div class=\"fusion-li-item-content\">Servicio de combate en la infanter\u00eda del USMC o en cualquier comunidad de operaciones especiales.<\/div><\/li><li class=\"fusion-li-item\" style=\"\"><span class=\"icon-wrapper circle-no\"><i class=\"fusion-li-icon fa-circle fas\" aria-hidden=\"true\"><\/i><\/span><div class=\"fusion-li-item-content\">Un premio al valor personal.<\/div><\/li><li class=\"fusion-li-item\" style=\"\"><span class=\"icon-wrapper circle-no\"><i class=\"fusion-li-icon fa-circle fas\" aria-hidden=\"true\"><\/i><\/span><div class=\"fusion-li-item-content\">Un DD214 sin prestaciones de jubilaci\u00f3n.<\/div><\/li><\/ul><div class=\"fusion-text fusion-text-2 fusion-text-no-margin\" style=\"--awb-margin-bottom:0px;\"><p>Se anima a otros veteranos de infanter\u00eda y operaciones especiales a que se pongan en contacto conmigo para obtener una tarifa personalizada. Gracias por luchar en nombre de Estados Unidos. Semper Fidelis.<\/p>\n<\/div><\/div><\/div><\/div><\/div><\/div><div class=\"fusion-fullwidth fullwidth-box fusion-builder-row-3 fusion-flex-container has-pattern-background has-mask-background nonhundred-percent-fullwidth non-hundred-percent-height-scrolling\" style=\"--awb-border-radius-top-left:0px;--awb-border-radius-top-right:0px;--awb-border-radius-bottom-right:0px;--awb-border-radius-bottom-left:0px;--awb-padding-top:5%;--awb-padding-bottom:4%;--awb-padding-bottom-medium:20px;--awb-padding-top-small:40px;--awb-padding-bottom-small:0px;--awb-background-color:var(--awb-color2);--awb-flex-wrap:wrap;\" ><div class=\"fusion-builder-row fusion-row fusion-flex-align-items-flex-start fusion-flex-justify-content-center fusion-flex-content-wrap\" style=\"max-width:1248px;margin-left: calc(-4% \/ 2 );margin-right: calc(-4% \/ 2 );\"><div class=\"fusion-layout-column fusion_builder_column fusion-builder-column-3 fusion_builder_column_3_4 3_4 fusion-flex-column\" style=\"--awb-bg-size:cover;--awb-width-large:75%;--awb-margin-top-large:0px;--awb-spacing-right-large:2.56%;--awb-margin-bottom-large:20px;--awb-spacing-left-large:2.56%;--awb-width-medium:100%;--awb-order-medium:0;--awb-spacing-right-medium:1.92%;--awb-spacing-left-medium:1.92%;--awb-width-small:100%;--awb-order-small:0;--awb-spacing-right-small:1.92%;--awb-spacing-left-small:1.92%;\"><div class=\"fusion-column-wrapper fusion-column-has-shadow fusion-flex-justify-content-flex-start fusion-content-layout-column\"><div class=\"fusion-form fusion-form-builder fusion-form-form-wrapper fusion-form-151\" style=\"--awb-margin-top:10px;--awb-tooltip-text-color:#ffffff;--awb-tooltip-background-color:#333333;\" data-form-id=\"151\" data-config=\"{&quot;form_id&quot;:&quot;151&quot;,&quot;form_post_id&quot;:&quot;151&quot;,&quot;post_id&quot;:468,&quot;form_type&quot;:&quot;ajax&quot;,&quot;confirmation_type&quot;:&quot;message&quot;,&quot;redirect_url&quot;:&quot;&quot;,&quot;field_labels&quot;:{&quot;Nombre&quot;:&quot;Nombre&quot;,&quot;Correo electr\\u00f3nico&quot;:&quot;Correo electr\\u00f3nico&quot;,&quot;Tel\\u00e9fono&quot;:&quot;Tel\\u00e9fono&quot;,&quot;Sujeto&quot;:&quot;Sujeto&quot;,&quot;Mensaje&quot;:&quot;Mensaje&quot;},&quot;field_logics&quot;:{&quot;Nombre&quot;:&quot;&quot;,&quot;Correo electr\\u00f3nico&quot;:&quot;&quot;,&quot;Tel\\u00e9fono&quot;:&quot;&quot;,&quot;Sujeto&quot;:&quot;&quot;,&quot;Mensaje&quot;:&quot;&quot;},&quot;field_types&quot;:{&quot;Nombre&quot;:&quot;text&quot;,&quot;Correo electr\\u00f3nico&quot;:&quot;email&quot;,&quot;Tel\\u00e9fono&quot;:&quot;text&quot;,&quot;Sujeto&quot;:&quot;text&quot;,&quot;Mensaje&quot;:&quot;textarea&quot;,&quot;submit_1&quot;:&quot;submit&quot;},&quot;nonce_method&quot;:&quot;ajax&quot;}\"><form action=\"https:\/\/www.drmarkhardman.com\/es\/veteranos-de-combate\/\" method=\"post\" class=\"fusion-form fusion-form-151\"><div class=\"fusion-fullwidth fullwidth-box fusion-builder-row-3-1 fusion-flex-container has-pattern-background has-mask-background nonhundred-percent-fullwidth non-hundred-percent-height-scrolling\" style=\"--awb-border-radius-top-left:30px;--awb-border-radius-top-right:10px;--awb-border-radius-bottom-right:10px;--awb-border-radius-bottom-left:10px;--awb-overflow:hidden;--awb-padding-top:20px;--awb-padding-right:20px;--awb-padding-bottom:20px;--awb-padding-left:20px;--awb-background-color:var(--awb-color3);--awb-flex-wrap:wrap;\" ><div class=\"fusion-builder-row fusion-row fusion-flex-align-items-flex-start fusion-flex-content-wrap\" style=\"width:104% !important;max-width:104% !important;margin-left: calc(-4% \/ 2 );margin-right: calc(-4% \/ 2 );\"><div class=\"fusion-layout-column fusion_builder_column fusion-builder-column-4 fusion_builder_column_1_2 1_2 fusion-flex-column\" style=\"--awb-bg-size:cover;--awb-width-large:50%;--awb-margin-top-large:0px;--awb-spacing-right-large:3.84%;--awb-margin-bottom-large:20px;--awb-spacing-left-large:3.84%;--awb-width-medium:50%;--awb-order-medium:0;--awb-spacing-right-medium:3.84%;--awb-spacing-left-medium:3.84%;--awb-width-small:100%;--awb-order-small:0;--awb-spacing-right-small:1.92%;--awb-spacing-left-small:1.92%;\"><div class=\"fusion-column-wrapper fusion-column-has-shadow fusion-flex-justify-content-flex-start fusion-content-layout-column\"><div class=\"fusion-form-field fusion-form-text-field fusion-form-label-above\" style=\"\" data-form-id=\"151\"><div class=\"fusion-form-label-wrapper\"><label for=\"Nombre\">Nombre <abbr class=\"fusion-form-element-required\" title=\"required\">*<\/abbr><\/label><\/div><input type=\"text\" name=\"Nombre\" id=\"Nombre\" value=\"\"  class=\"fusion-form-input\" required=\"true\" aria-required=\"true\" data-holds-private-data=\"false\" minlength=\"0\"\/><\/div><\/div><\/div><div class=\"fusion-layout-column fusion_builder_column fusion-builder-column-5 fusion_builder_column_1_2 1_2 fusion-flex-column\" style=\"--awb-bg-size:cover;--awb-width-large:50%;--awb-margin-top-large:0px;--awb-spacing-right-large:3.84%;--awb-margin-bottom-large:20px;--awb-spacing-left-large:3.84%;--awb-width-medium:50%;--awb-order-medium:0;--awb-spacing-right-medium:3.84%;--awb-spacing-left-medium:3.84%;--awb-width-small:100%;--awb-order-small:0;--awb-spacing-right-small:1.92%;--awb-spacing-left-small:1.92%;\"><div class=\"fusion-column-wrapper fusion-column-has-shadow fusion-flex-justify-content-flex-start fusion-content-layout-column\"><div class=\"fusion-form-field fusion-form-email-field fusion-form-label-above\" style=\"\" data-form-id=\"151\"><div class=\"fusion-form-label-wrapper\"><label for=\"Correo electr\u00f3nico\">Correo electr\u00f3nico <abbr class=\"fusion-form-element-required\" title=\"required\">*<\/abbr><\/label><\/div><input type=\"email\" name=\"Correo electr\u00f3nico\" id=\"Correo electr\u00f3nico\" value=\"\"  class=\"fusion-form-input\" required=\"true\" aria-required=\"true\" data-holds-private-data=\"false\"\/><\/div><\/div><\/div><div class=\"fusion-layout-column fusion_builder_column fusion-builder-column-6 fusion_builder_column_1_2 1_2 fusion-flex-column\" style=\"--awb-bg-size:cover;--awb-width-large:50%;--awb-margin-top-large:0px;--awb-spacing-right-large:3.84%;--awb-margin-bottom-large:20px;--awb-spacing-left-large:3.84%;--awb-width-medium:50%;--awb-order-medium:0;--awb-spacing-right-medium:3.84%;--awb-spacing-left-medium:3.84%;--awb-width-small:100%;--awb-order-small:0;--awb-spacing-right-small:1.92%;--awb-spacing-left-small:1.92%;\"><div class=\"fusion-column-wrapper fusion-column-has-shadow fusion-flex-justify-content-flex-start fusion-content-layout-column\"><div class=\"fusion-form-field fusion-form-text-field fusion-form-label-above\" style=\"\" data-form-id=\"151\"><div class=\"fusion-form-label-wrapper\"><label for=\"Tel\u00e9fono\">Tel\u00e9fono<\/label><\/div><input type=\"text\" name=\"Tel\u00e9fono\" id=\"Tel\u00e9fono\" value=\"\"  class=\"fusion-form-input\" data-holds-private-data=\"false\" minlength=\"0\"\/><\/div><\/div><\/div><div class=\"fusion-layout-column fusion_builder_column fusion-builder-column-7 fusion_builder_column_1_2 1_2 fusion-flex-column\" style=\"--awb-bg-size:cover;--awb-width-large:50%;--awb-margin-top-large:0px;--awb-spacing-right-large:3.84%;--awb-margin-bottom-large:20px;--awb-spacing-left-large:3.84%;--awb-width-medium:50%;--awb-order-medium:0;--awb-spacing-right-medium:3.84%;--awb-spacing-left-medium:3.84%;--awb-width-small:100%;--awb-order-small:0;--awb-spacing-right-small:1.92%;--awb-spacing-left-small:1.92%;\"><div class=\"fusion-column-wrapper fusion-column-has-shadow fusion-flex-justify-content-flex-start fusion-content-layout-column\"><div class=\"fusion-form-field fusion-form-text-field fusion-form-label-above\" style=\"\" data-form-id=\"151\"><div class=\"fusion-form-label-wrapper\"><label for=\"Sujeto\">Sujeto<\/label><\/div><input type=\"text\" name=\"Sujeto\" id=\"Sujeto\" value=\"\"  class=\"fusion-form-input\" data-holds-private-data=\"false\" minlength=\"0\"\/><\/div><\/div><\/div><div class=\"fusion-layout-column fusion_builder_column fusion-builder-column-8 fusion_builder_column_1_1 1_1 fusion-flex-column\" style=\"--awb-bg-size:cover;--awb-width-large:100%;--awb-margin-top-large:0px;--awb-spacing-right-large:1.92%;--awb-margin-bottom-large:20px;--awb-spacing-left-large:1.92%;--awb-width-medium:100%;--awb-order-medium:0;--awb-spacing-right-medium:1.92%;--awb-spacing-left-medium:1.92%;--awb-width-small:100%;--awb-order-small:0;--awb-spacing-right-small:1.92%;--awb-spacing-left-small:1.92%;\"><div class=\"fusion-column-wrapper fusion-column-has-shadow fusion-flex-justify-content-flex-start fusion-content-layout-column\"><div class=\"fusion-form-field fusion-form-textarea-field fusion-form-label-above\" style=\"\" data-form-id=\"151\"><label for=\"Mensaje\">Mensaje<\/label><textarea cols=\"40\"  minlength=\"0\"  rows=\"2\" tabindex=\"\" id=\"Mensaje\" name=\"Mensaje\" class=\"fusion-form-input\" data-holds-private-data=\"false\"><\/textarea><\/div><div class=\"fusion-form-field fusion-form-submit-field fusion-form-label-above\" style=\"\" data-form-id=\"151\"><div ><button type=\"submit\" class=\"fusion-button button-flat fusion-button-default-size button-default fusion-button-default button-1 fusion-button-default-span  form-form-submit button-default\" data-form-number=\"151\" tabindex=\"\"><span class=\"fusion-button-text\">Entregar<\/span><\/button><\/div><\/div><\/div><\/div><\/div><\/div><\/form><\/div><\/div><\/div><\/div><\/div><\/p>\n","protected":false},"excerpt":{"rendered":"","protected":false},"author":1,"featured_media":0,"parent":0,"menu_order":0,"comment_status":"closed","ping_status":"closed","template":"100-width.php","meta":{"footnotes":""},"class_list":["post-468","page","type-page","status-publish","hentry"],"yoast_head":"<!-- This site is optimized with the Yoast SEO plugin v23.6 - https:\/\/yoast.com\/wordpress\/plugins\/seo\/ -->\n<title>Atenci\u00f3n a los veteranos de combate | Dr. Mark Hardman, MD, JD<\/title>\n<meta name=\"description\" content=\"El Dr. Mark Hardman, MD, JD, brinda atenci\u00f3n m\u00e9dica especializada a veteranos de combate, enfoc\u00e1ndose en el bienestar f\u00edsico y mental. A trav\u00e9s de consultas personalizadas de telesalud, los veteranos reciben apoyo para enfermedades cr\u00f3nicas, estr\u00e9s postraum\u00e1tico y salud general para mejorar su calidad de vida.\" \/>\n<meta name=\"robots\" content=\"index, follow, max-snippet:-1, max-image-preview:large, max-video-preview:-1\" \/>\n<link rel=\"canonical\" href=\"https:\/\/www.drmarkhardman.com\/es\/veteranos-de-combate\/\" \/>\n<meta property=\"og:locale\" content=\"en_US\" \/>\n<meta property=\"og:type\" content=\"article\" \/>\n<meta property=\"og:title\" content=\"Atenci\u00f3n a los veteranos de combate | Dr. Mark Hardman, MD, JD\" \/>\n<meta property=\"og:description\" content=\"El Dr. Mark Hardman, MD, JD, brinda atenci\u00f3n m\u00e9dica especializada a veteranos de combate, enfoc\u00e1ndose en el bienestar f\u00edsico y mental. A trav\u00e9s de consultas personalizadas de telesalud, los veteranos reciben apoyo para enfermedades cr\u00f3nicas, estr\u00e9s postraum\u00e1tico y salud general para mejorar su calidad de vida.\" \/>\n<meta property=\"og:url\" content=\"https:\/\/www.drmarkhardman.com\/es\/veteranos-de-combate\/\" \/>\n<meta property=\"og:site_name\" content=\"Personalized Medicine and Health Coaching, PLLC\" \/>\n<meta property=\"article:modified_time\" content=\"2024-11-22T07:09:46+00:00\" \/>\n<meta name=\"twitter:card\" content=\"summary_large_image\" \/>\n<meta name=\"twitter:label1\" content=\"Est. reading time\" \/>\n\t<meta name=\"twitter:data1\" content=\"1 minute\" \/>\n<script type=\"application\/ld+json\" class=\"yoast-schema-graph\">{\"@context\":\"https:\/\/schema.org\",\"@graph\":[{\"@type\":\"WebPage\",\"@id\":\"https:\/\/www.drmarkhardman.com\/es\/veteranos-de-combate\/\",\"url\":\"https:\/\/www.drmarkhardman.com\/es\/veteranos-de-combate\/\",\"name\":\"Atenci\u00f3n a los veteranos de combate | Dr. Mark Hardman, MD, JD\",\"isPartOf\":{\"@id\":\"https:\/\/www.drmarkhardman.com\/es\/#website\"},\"datePublished\":\"2024-09-17T06:12:18+00:00\",\"dateModified\":\"2024-11-22T07:09:46+00:00\",\"description\":\"El Dr. Mark Hardman, MD, JD, brinda atenci\u00f3n m\u00e9dica especializada a veteranos de combate, enfoc\u00e1ndose en el bienestar f\u00edsico y mental. A trav\u00e9s de consultas personalizadas de telesalud, los veteranos reciben apoyo para enfermedades cr\u00f3nicas, estr\u00e9s postraum\u00e1tico y salud general para mejorar su calidad de vida.\",\"breadcrumb\":{\"@id\":\"https:\/\/www.drmarkhardman.com\/es\/veteranos-de-combate\/#breadcrumb\"},\"inLanguage\":\"en\",\"potentialAction\":[{\"@type\":\"ReadAction\",\"target\":[\"https:\/\/www.drmarkhardman.com\/es\/veteranos-de-combate\/\"]}]},{\"@type\":\"BreadcrumbList\",\"@id\":\"https:\/\/www.drmarkhardman.com\/es\/veteranos-de-combate\/#breadcrumb\",\"itemListElement\":[{\"@type\":\"ListItem\",\"position\":1,\"name\":\"Home\",\"item\":\"https:\/\/www.drmarkhardman.com\/es\/\"},{\"@type\":\"ListItem\",\"position\":2,\"name\":\"Veteranos de combate\"}]},{\"@type\":\"WebSite\",\"@id\":\"https:\/\/www.drmarkhardman.com\/es\/#website\",\"url\":\"https:\/\/www.drmarkhardman.com\/es\/\",\"name\":\"Personalized Medicine and Health Coaching, PLLC\",\"description\":\"\",\"potentialAction\":[{\"@type\":\"SearchAction\",\"target\":{\"@type\":\"EntryPoint\",\"urlTemplate\":\"https:\/\/www.drmarkhardman.com\/es\/?s={search_term_string}\"},\"query-input\":{\"@type\":\"PropertyValueSpecification\",\"valueRequired\":true,\"valueName\":\"search_term_string\"}}],\"inLanguage\":\"en\"}]}<\/script>\n<!-- \/ Yoast SEO plugin. -->","yoast_head_json":{"title":"Atenci\u00f3n a los veteranos de combate | Dr. Mark Hardman, MD, JD","description":"El Dr. Mark Hardman, MD, JD, brinda atenci\u00f3n m\u00e9dica especializada a veteranos de combate, enfoc\u00e1ndose en el bienestar f\u00edsico y mental. A trav\u00e9s de consultas personalizadas de telesalud, los veteranos reciben apoyo para enfermedades cr\u00f3nicas, estr\u00e9s postraum\u00e1tico y salud general para mejorar su calidad de vida.","robots":{"index":"index","follow":"follow","max-snippet":"max-snippet:-1","max-image-preview":"max-image-preview:large","max-video-preview":"max-video-preview:-1"},"canonical":"https:\/\/www.drmarkhardman.com\/es\/veteranos-de-combate\/","og_locale":"en_US","og_type":"article","og_title":"Atenci\u00f3n a los veteranos de combate | Dr. Mark Hardman, MD, JD","og_description":"El Dr. Mark Hardman, MD, JD, brinda atenci\u00f3n m\u00e9dica especializada a veteranos de combate, enfoc\u00e1ndose en el bienestar f\u00edsico y mental. A trav\u00e9s de consultas personalizadas de telesalud, los veteranos reciben apoyo para enfermedades cr\u00f3nicas, estr\u00e9s postraum\u00e1tico y salud general para mejorar su calidad de vida.","og_url":"https:\/\/www.drmarkhardman.com\/es\/veteranos-de-combate\/","og_site_name":"Personalized Medicine and Health Coaching, PLLC","article_modified_time":"2024-11-22T07:09:46+00:00","twitter_card":"summary_large_image","twitter_misc":{"Est. reading time":"1 minute"},"schema":{"@context":"https:\/\/schema.org","@graph":[{"@type":"WebPage","@id":"https:\/\/www.drmarkhardman.com\/es\/veteranos-de-combate\/","url":"https:\/\/www.drmarkhardman.com\/es\/veteranos-de-combate\/","name":"Atenci\u00f3n a los veteranos de combate | Dr. Mark Hardman, MD, JD","isPartOf":{"@id":"https:\/\/www.drmarkhardman.com\/es\/#website"},"datePublished":"2024-09-17T06:12:18+00:00","dateModified":"2024-11-22T07:09:46+00:00","description":"El Dr. Mark Hardman, MD, JD, brinda atenci\u00f3n m\u00e9dica especializada a veteranos de combate, enfoc\u00e1ndose en el bienestar f\u00edsico y mental. A trav\u00e9s de consultas personalizadas de telesalud, los veteranos reciben apoyo para enfermedades cr\u00f3nicas, estr\u00e9s postraum\u00e1tico y salud general para mejorar su calidad de vida.","breadcrumb":{"@id":"https:\/\/www.drmarkhardman.com\/es\/veteranos-de-combate\/#breadcrumb"},"inLanguage":"en","potentialAction":[{"@type":"ReadAction","target":["https:\/\/www.drmarkhardman.com\/es\/veteranos-de-combate\/"]}]},{"@type":"BreadcrumbList","@id":"https:\/\/www.drmarkhardman.com\/es\/veteranos-de-combate\/#breadcrumb","itemListElement":[{"@type":"ListItem","position":1,"name":"Home","item":"https:\/\/www.drmarkhardman.com\/es\/"},{"@type":"ListItem","position":2,"name":"Veteranos de combate"}]},{"@type":"WebSite","@id":"https:\/\/www.drmarkhardman.com\/es\/#website","url":"https:\/\/www.drmarkhardman.com\/es\/","name":"Personalized Medicine and Health Coaching, PLLC","description":"","potentialAction":[{"@type":"SearchAction","target":{"@type":"EntryPoint","urlTemplate":"https:\/\/www.drmarkhardman.com\/es\/?s={search_term_string}"},"query-input":{"@type":"PropertyValueSpecification","valueRequired":true,"valueName":"search_term_string"}}],"inLanguage":"en"}]}},"_links":{"self":[{"href":"https:\/\/www.drmarkhardman.com\/es\/wp-json\/wp\/v2\/pages\/468"}],"collection":[{"href":"https:\/\/www.drmarkhardman.com\/es\/wp-json\/wp\/v2\/pages"}],"about":[{"href":"https:\/\/www.drmarkhardman.com\/es\/wp-json\/wp\/v2\/types\/page"}],"author":[{"embeddable":true,"href":"https:\/\/www.drmarkhardman.com\/es\/wp-json\/wp\/v2\/users\/1"}],"replies":[{"embeddable":true,"href":"https:\/\/www.drmarkhardman.com\/es\/wp-json\/wp\/v2\/comments?post=468"}],"version-history":[{"count":17,"href":"https:\/\/www.drmarkhardman.com\/es\/wp-json\/wp\/v2\/pages\/468\/revisions"}],"predecessor-version":[{"id":1277,"href":"https:\/\/www.drmarkhardman.com\/es\/wp-json\/wp\/v2\/pages\/468\/revisions\/1277"}],"wp:attachment":[{"href":"https:\/\/www.drmarkhardman.com\/es\/wp-json\/wp\/v2\/media?parent=468"}],"curies":[{"name":"wp","href":"https:\/\/api.w.org\/{rel}","templated":true}]}}