{"id":271,"date":"2024-09-09T06:24:08","date_gmt":"2024-09-09T06:24:08","guid":{"rendered":"https:\/\/www.drmarkhardman.com\/es\/?page_id=271"},"modified":"2024-11-22T08:08:23","modified_gmt":"2024-11-22T08:08:23","slug":"terapia-hormonal-sustitutiva","status":"publish","type":"page","link":"https:\/\/www.drmarkhardman.com\/es\/terapia-hormonal-sustitutiva\/","title":{"rendered":"Terapia hormonal sustitutiva"},"content":{"rendered":"<p><div class=\"fusion-fullwidth fullwidth-box fusion-builder-row-1 fusion-flex-container has-pattern-background has-mask-background fusion-parallax-none nonhundred-percent-fullwidth non-hundred-percent-height-scrolling\" style=\"--awb-background-blend-mode:overlay;--awb-border-radius-top-left:0px;--awb-border-radius-top-right:0px;--awb-border-radius-bottom-right:0px;--awb-border-radius-bottom-left:0px;--awb-padding-top:200px;--awb-padding-bottom:140px;--awb-padding-top-medium:70px;--awb-padding-bottom-medium:50px;--awb-padding-top-small:50px;--awb-padding-bottom-small:40px;--awb-background-color:rgba(20,22,23,0.38);--awb-background-image:url(&quot;https:\/\/www.drmarkhardman.com\/es\/wp-content\/uploads\/2024\/10\/IMG_6170-1.webp&quot;);--awb-background-size:cover;--awb-flex-wrap:wrap;\" ><div class=\"fusion-builder-row fusion-row fusion-flex-align-items-flex-start fusion-flex-content-wrap\" style=\"max-width:1248px;margin-left: calc(-4% \/ 2 );margin-right: calc(-4% \/ 2 );\"><div class=\"fusion-layout-column fusion_builder_column fusion-builder-column-0 fusion_builder_column_1_1 1_1 fusion-flex-column\" style=\"--awb-bg-size:cover;--awb-width-large:100%;--awb-margin-top-large:0px;--awb-spacing-right-large:1.92%;--awb-margin-bottom-large:20px;--awb-spacing-left-large:1.92%;--awb-width-medium:100%;--awb-order-medium:0;--awb-spacing-right-medium:1.92%;--awb-spacing-left-medium:1.92%;--awb-width-small:100%;--awb-order-small:0;--awb-spacing-right-small:1.92%;--awb-spacing-left-small:1.92%;\"><div class=\"fusion-column-wrapper fusion-column-has-shadow fusion-flex-justify-content-flex-start fusion-content-layout-column\"><div class=\"fusion-title title fusion-title-1 fusion-sep-none fusion-title-center fusion-title-text fusion-title-size-one\" style=\"--awb-text-color:var(--awb-color1);--awb-margin-top:0px;\"><h1 class=\"fusion-title-heading title-heading-center fusion-responsive-typography-calculated\" style=\"margin:0;--fontSize:64;line-height:var(--awb-typography1-line-height);\">Terapia hormonal sustitutiva<\/h1><\/div><div class=\"fusion-separator\" style=\"align-self: center;margin-left: auto;margin-right: auto;margin-bottom:30px;width:100%;max-width:200px;\"><div class=\"fusion-separator-border sep-single sep-dashed\" style=\"--awb-height:20px;--awb-amount:20px;--awb-sep-color:var(--awb-color1);border-color:var(--awb-color1);border-top-width:1px;\"><\/div><\/div><\/div><\/div><\/div><\/div>\n<div id=\"risk-reduction\" class=\"fusion-container-anchor\"><div class=\"fusion-fullwidth fullwidth-box fusion-builder-row-2 fusion-flex-container has-pattern-background has-mask-background img-cus-full nonhundred-percent-fullwidth non-hundred-percent-height-scrolling\" style=\"--awb-border-radius-top-left:0px;--awb-border-radius-top-right:0px;--awb-border-radius-bottom-right:0px;--awb-border-radius-bottom-left:0px;--awb-padding-top:5%;--awb-padding-bottom:5%;--awb-padding-top-small:50px;--awb-padding-right-small:30px;--awb-padding-bottom-small:20px;--awb-padding-left-small:30px;--awb-flex-wrap:wrap;\" ><div class=\"fusion-builder-row fusion-row fusion-flex-align-items-stretch fusion-flex-justify-content-center fusion-flex-content-wrap\" style=\"max-width:1248px;margin-left: calc(-4% \/ 2 );margin-right: calc(-4% \/ 2 );\"><div class=\"fusion-layout-column fusion_builder_column fusion-builder-column-1 fusion_builder_column_3_4 3_4 fusion-flex-column fusion-flex-align-self-stretch fusion-animated\" style=\"--awb-bg-size:cover;--awb-width-large:75%;--awb-margin-top-large:0px;--awb-spacing-right-large:2.56%;--awb-margin-bottom-large:0px;--awb-spacing-left-large:2.56%;--awb-width-medium:75%;--awb-order-medium:0;--awb-spacing-right-medium:2.56%;--awb-spacing-left-medium:2.56%;--awb-width-small:100%;--awb-order-small:0;--awb-spacing-right-small:1.92%;--awb-margin-bottom-small:0px;--awb-spacing-left-small:1.92%;\" data-animationType=\"fadeInLeft\" data-animationDuration=\"1.0\" data-animationOffset=\"top-into-view\" data-scroll-devices=\"small-visibility,medium-visibility,large-visibility\"><div class=\"fusion-column-wrapper fusion-column-has-shadow fusion-flex-justify-content-center fusion-content-layout-column\"><div class=\"fusion-title title fusion-title-2 fusion-sep-none fusion-title-text fusion-title-size-paragraph\" style=\"--awb-text-color:var(--awb-color5);--awb-margin-bottom-small:0px;--awb-font-size:14px;\"><p class=\"fusion-title-heading title-heading-left title-heading-tag fusion-responsive-typography-calculated\" style=\"margin:0;font-size:1em;text-transform:uppercase;--fontSize:14;--minFontSize:14;line-height:var(--awb-typography4-line-height);\">Revitalice su salud con una terapia hormonal experta<\/p><\/div><div class=\"fusion-title title fusion-title-3 fusion-sep-none fusion-title-text fusion-title-size-two\" style=\"--awb-margin-top:0px;--awb-margin-top-small:0px;\"><h2 class=\"fusion-title-heading title-heading-left fusion-responsive-typography-calculated\" style=\"margin:0;--fontSize:36;line-height:var(--awb-typography1-line-height);\">Terapia hormonal sustitutiva<\/h2><\/div><div class=\"fusion-separator\" style=\"align-self: flex-start;margin-right:auto;margin-bottom:30px;width:100%;max-width:200px;\"><div class=\"fusion-separator-border sep-single sep-dashed\" style=\"--awb-height:20px;--awb-amount:20px;--awb-sep-color:var(--awb-color5);border-color:var(--awb-color5);border-top-width:1px;\"><\/div><\/div><div class=\"fusion-text fusion-text-1\"><p>Un enfoque integral de la terapia hormonal sustitutiva (THS) sirve tanto a mujeres como a hombres, abordando las necesidades \u00fanicas de cada poblaci\u00f3n. La salud de la mujer, en particular la terapia hormonal sustitutiva, ha estado desatendida desde la publicaci\u00f3n de la Iniciativa para la Salud de la Mujer, que provoc\u00f3 el temor p\u00fablico en torno a la terapia con estr\u00f3genos.<\/p>\n<p>Una nueva generaci\u00f3n de m\u00e9dicos est\u00e1 revirtiendo este error. Cuando se administra adecuadamente, la terapia de sustituci\u00f3n de estr\u00f3genos es segura y beneficiosa para controlar los s\u00edntomas de la menopausia y mejorar la calidad de vida.<\/p>\n<\/div><\/div><\/div><\/div><\/div><\/div><div class=\"fusion-fullwidth fullwidth-box fusion-builder-row-3 fusion-flex-container has-pattern-background has-mask-background nonhundred-percent-fullwidth non-hundred-percent-height-scrolling\" style=\"--awb-border-radius-top-left:0px;--awb-border-radius-top-right:0px;--awb-border-radius-bottom-right:0px;--awb-border-radius-bottom-left:0px;--awb-padding-top:5%;--awb-padding-bottom:4%;--awb-padding-bottom-medium:20px;--awb-padding-top-small:40px;--awb-padding-bottom-small:0px;--awb-background-color:var(--awb-color2);--awb-flex-wrap:wrap;\" ><div class=\"fusion-builder-row fusion-row fusion-flex-align-items-flex-start fusion-flex-justify-content-center fusion-flex-content-wrap\" style=\"max-width:1248px;margin-left: calc(-4% \/ 2 );margin-right: calc(-4% \/ 2 );\"><div class=\"fusion-layout-column fusion_builder_column fusion-builder-column-2 fusion_builder_column_3_4 3_4 fusion-flex-column\" style=\"--awb-bg-size:cover;--awb-width-large:75%;--awb-margin-top-large:0px;--awb-spacing-right-large:2.56%;--awb-margin-bottom-large:20px;--awb-spacing-left-large:2.56%;--awb-width-medium:100%;--awb-order-medium:0;--awb-spacing-right-medium:1.92%;--awb-spacing-left-medium:1.92%;--awb-width-small:100%;--awb-order-small:0;--awb-spacing-right-small:1.92%;--awb-spacing-left-small:1.92%;\"><div class=\"fusion-column-wrapper fusion-column-has-shadow fusion-flex-justify-content-flex-start fusion-content-layout-column\"><div class=\"fusion-text fusion-text-2\"><p>En los hombres, mi enfoque de la terapia de reemplazo de testosterona (TRT) sigue las directrices de la Asociaci\u00f3n Americana de Urolog\u00eda (AUA), con un enfoque en la identificaci\u00f3n de la causa subyacente del hipogonadismo. Vamos a explorar las intervenciones de estilo de vida, incluyendo la dieta, el sue\u00f1o y el ejercicio para optimizar los niveles hormonales cuando sea posible. Si no tenemos \u00e9xito y se indica TRT, discutiremos sus riesgos y beneficios con respecto a la fertilidad, la enfermedad de la pr\u00f3stata y el riesgo cardiovascular. Este enfoque integrado y centrado en el paciente garantiza que la terapia hormonal est\u00e9 en consonancia con sus objetivos de salud m\u00e1s amplios, al tiempo que minimiza los riesgos y mejora el bienestar general.<\/p>\n<\/div><div ><a class=\"fusion-button button-flat fusion-button-default-size button-default fusion-button-default button-1 fusion-button-default-span fusion-button-default-type\" target=\"_blank\" rel=\"noopener noreferrer\" href=\"https:\/\/www.drmarkhardman.com\/es\/wp-content\/uploads\/2024\/09\/Testosterone-Deficiency-JU.pdf\"><span class=\"fusion-button-text\">Directrices de la Asociaci\u00f3n Americana de Urolog\u00eda sobre la deficiencia de testosterona<\/span><\/a><\/div><div ><a class=\"fusion-button button-flat fusion-button-default-size button-default fusion-button-default button-2 fusion-button-default-span fusion-button-default-type\" style=\"--button_margin-top:20px;\" target=\"_blank\" rel=\"noopener noreferrer\" href=\"https:\/\/www.drmarkhardman.com\/es\/wp-content\/uploads\/2024\/09\/nams-2022-hormone-therapy-position-statement.pdf\"><span class=\"fusion-button-text\">2022 Declaraci\u00f3n de la Sociedad Norteamericana de Menopausia sobre la terapia hormonal<\/span><\/a><\/div><\/div><\/div><\/div><\/div><\/p>\n","protected":false},"excerpt":{"rendered":"","protected":false},"author":1,"featured_media":0,"parent":0,"menu_order":0,"comment_status":"closed","ping_status":"closed","template":"100-width.php","meta":{"footnotes":""},"class_list":["post-271","page","type-page","status-publish","hentry"],"yoast_head":"<!-- This site is optimized with the Yoast SEO plugin v23.6 - https:\/\/yoast.com\/wordpress\/plugins\/seo\/ -->\n<title>Terapia de reemplazo hormonal | Dr. Mark Hardman, MD, JD<\/title>\n<meta name=\"description\" content=\"Explore las opciones personalizadas de terapia de reemplazo hormonal (TRH) con el Dr. Mark Hardman, MD, JD. Ya sea que est\u00e9 abordando la menopausia, la andropausia u otros desequilibrios hormonales, el Dr. Hardman ofrece soluciones personalizadas para restablecer el equilibrio y mejorar la salud general. Descubra c\u00f3mo la TRH puede ayudarle a sentirse mejor en cada etapa de la vida.\" \/>\n<meta name=\"robots\" content=\"index, follow, max-snippet:-1, max-image-preview:large, max-video-preview:-1\" \/>\n<link rel=\"canonical\" href=\"https:\/\/www.drmarkhardman.com\/es\/terapia-hormonal-sustitutiva\/\" \/>\n<meta property=\"og:locale\" content=\"en_US\" \/>\n<meta property=\"og:type\" content=\"article\" \/>\n<meta property=\"og:title\" content=\"Terapia de reemplazo hormonal | Dr. Mark Hardman, MD, JD\" \/>\n<meta property=\"og:description\" content=\"Explore las opciones personalizadas de terapia de reemplazo hormonal (TRH) con el Dr. Mark Hardman, MD, JD. Ya sea que est\u00e9 abordando la menopausia, la andropausia u otros desequilibrios hormonales, el Dr. Hardman ofrece soluciones personalizadas para restablecer el equilibrio y mejorar la salud general. Descubra c\u00f3mo la TRH puede ayudarle a sentirse mejor en cada etapa de la vida.\" \/>\n<meta property=\"og:url\" content=\"https:\/\/www.drmarkhardman.com\/es\/terapia-hormonal-sustitutiva\/\" \/>\n<meta property=\"og:site_name\" content=\"Personalized Medicine and Health Coaching, PLLC\" \/>\n<meta property=\"article:modified_time\" content=\"2024-11-22T08:08:23+00:00\" \/>\n<meta name=\"twitter:card\" content=\"summary_large_image\" \/>\n<meta name=\"twitter:label1\" content=\"Est. reading time\" \/>\n\t<meta name=\"twitter:data1\" content=\"2 minutes\" \/>\n<script type=\"application\/ld+json\" class=\"yoast-schema-graph\">{\"@context\":\"https:\/\/schema.org\",\"@graph\":[{\"@type\":\"WebPage\",\"@id\":\"https:\/\/www.drmarkhardman.com\/es\/terapia-hormonal-sustitutiva\/\",\"url\":\"https:\/\/www.drmarkhardman.com\/es\/terapia-hormonal-sustitutiva\/\",\"name\":\"Terapia de reemplazo hormonal | Dr. Mark Hardman, MD, JD\",\"isPartOf\":{\"@id\":\"https:\/\/www.drmarkhardman.com\/es\/#website\"},\"datePublished\":\"2024-09-09T06:24:08+00:00\",\"dateModified\":\"2024-11-22T08:08:23+00:00\",\"description\":\"Explore las opciones personalizadas de terapia de reemplazo hormonal (TRH) con el Dr. Mark Hardman, MD, JD. Ya sea que est\u00e9 abordando la menopausia, la andropausia u otros desequilibrios hormonales, el Dr. Hardman ofrece soluciones personalizadas para restablecer el equilibrio y mejorar la salud general. Descubra c\u00f3mo la TRH puede ayudarle a sentirse mejor en cada etapa de la vida.\",\"breadcrumb\":{\"@id\":\"https:\/\/www.drmarkhardman.com\/es\/terapia-hormonal-sustitutiva\/#breadcrumb\"},\"inLanguage\":\"en\",\"potentialAction\":[{\"@type\":\"ReadAction\",\"target\":[\"https:\/\/www.drmarkhardman.com\/es\/terapia-hormonal-sustitutiva\/\"]}]},{\"@type\":\"BreadcrumbList\",\"@id\":\"https:\/\/www.drmarkhardman.com\/es\/terapia-hormonal-sustitutiva\/#breadcrumb\",\"itemListElement\":[{\"@type\":\"ListItem\",\"position\":1,\"name\":\"Home\",\"item\":\"https:\/\/www.drmarkhardman.com\/es\/\"},{\"@type\":\"ListItem\",\"position\":2,\"name\":\"Terapia hormonal sustitutiva\"}]},{\"@type\":\"WebSite\",\"@id\":\"https:\/\/www.drmarkhardman.com\/es\/#website\",\"url\":\"https:\/\/www.drmarkhardman.com\/es\/\",\"name\":\"Personalized Medicine and Health Coaching, PLLC\",\"description\":\"\",\"potentialAction\":[{\"@type\":\"SearchAction\",\"target\":{\"@type\":\"EntryPoint\",\"urlTemplate\":\"https:\/\/www.drmarkhardman.com\/es\/?s={search_term_string}\"},\"query-input\":{\"@type\":\"PropertyValueSpecification\",\"valueRequired\":true,\"valueName\":\"search_term_string\"}}],\"inLanguage\":\"en\"}]}<\/script>\n<!-- \/ Yoast SEO plugin. -->","yoast_head_json":{"title":"Terapia de reemplazo hormonal | Dr. Mark Hardman, MD, JD","description":"Explore las opciones personalizadas de terapia de reemplazo hormonal (TRH) con el Dr. Mark Hardman, MD, JD. Ya sea que est\u00e9 abordando la menopausia, la andropausia u otros desequilibrios hormonales, el Dr. Hardman ofrece soluciones personalizadas para restablecer el equilibrio y mejorar la salud general. Descubra c\u00f3mo la TRH puede ayudarle a sentirse mejor en cada etapa de la vida.","robots":{"index":"index","follow":"follow","max-snippet":"max-snippet:-1","max-image-preview":"max-image-preview:large","max-video-preview":"max-video-preview:-1"},"canonical":"https:\/\/www.drmarkhardman.com\/es\/terapia-hormonal-sustitutiva\/","og_locale":"en_US","og_type":"article","og_title":"Terapia de reemplazo hormonal | Dr. Mark Hardman, MD, JD","og_description":"Explore las opciones personalizadas de terapia de reemplazo hormonal (TRH) con el Dr. Mark Hardman, MD, JD. Ya sea que est\u00e9 abordando la menopausia, la andropausia u otros desequilibrios hormonales, el Dr. Hardman ofrece soluciones personalizadas para restablecer el equilibrio y mejorar la salud general. Descubra c\u00f3mo la TRH puede ayudarle a sentirse mejor en cada etapa de la vida.","og_url":"https:\/\/www.drmarkhardman.com\/es\/terapia-hormonal-sustitutiva\/","og_site_name":"Personalized Medicine and Health Coaching, PLLC","article_modified_time":"2024-11-22T08:08:23+00:00","twitter_card":"summary_large_image","twitter_misc":{"Est. reading time":"2 minutes"},"schema":{"@context":"https:\/\/schema.org","@graph":[{"@type":"WebPage","@id":"https:\/\/www.drmarkhardman.com\/es\/terapia-hormonal-sustitutiva\/","url":"https:\/\/www.drmarkhardman.com\/es\/terapia-hormonal-sustitutiva\/","name":"Terapia de reemplazo hormonal | Dr. Mark Hardman, MD, JD","isPartOf":{"@id":"https:\/\/www.drmarkhardman.com\/es\/#website"},"datePublished":"2024-09-09T06:24:08+00:00","dateModified":"2024-11-22T08:08:23+00:00","description":"Explore las opciones personalizadas de terapia de reemplazo hormonal (TRH) con el Dr. Mark Hardman, MD, JD. Ya sea que est\u00e9 abordando la menopausia, la andropausia u otros desequilibrios hormonales, el Dr. Hardman ofrece soluciones personalizadas para restablecer el equilibrio y mejorar la salud general. Descubra c\u00f3mo la TRH puede ayudarle a sentirse mejor en cada etapa de la vida.","breadcrumb":{"@id":"https:\/\/www.drmarkhardman.com\/es\/terapia-hormonal-sustitutiva\/#breadcrumb"},"inLanguage":"en","potentialAction":[{"@type":"ReadAction","target":["https:\/\/www.drmarkhardman.com\/es\/terapia-hormonal-sustitutiva\/"]}]},{"@type":"BreadcrumbList","@id":"https:\/\/www.drmarkhardman.com\/es\/terapia-hormonal-sustitutiva\/#breadcrumb","itemListElement":[{"@type":"ListItem","position":1,"name":"Home","item":"https:\/\/www.drmarkhardman.com\/es\/"},{"@type":"ListItem","position":2,"name":"Terapia hormonal sustitutiva"}]},{"@type":"WebSite","@id":"https:\/\/www.drmarkhardman.com\/es\/#website","url":"https:\/\/www.drmarkhardman.com\/es\/","name":"Personalized Medicine and Health Coaching, PLLC","description":"","potentialAction":[{"@type":"SearchAction","target":{"@type":"EntryPoint","urlTemplate":"https:\/\/www.drmarkhardman.com\/es\/?s={search_term_string}"},"query-input":{"@type":"PropertyValueSpecification","valueRequired":true,"valueName":"search_term_string"}}],"inLanguage":"en"}]}},"_links":{"self":[{"href":"https:\/\/www.drmarkhardman.com\/es\/wp-json\/wp\/v2\/pages\/271"}],"collection":[{"href":"https:\/\/www.drmarkhardman.com\/es\/wp-json\/wp\/v2\/pages"}],"about":[{"href":"https:\/\/www.drmarkhardman.com\/es\/wp-json\/wp\/v2\/types\/page"}],"author":[{"embeddable":true,"href":"https:\/\/www.drmarkhardman.com\/es\/wp-json\/wp\/v2\/users\/1"}],"replies":[{"embeddable":true,"href":"https:\/\/www.drmarkhardman.com\/es\/wp-json\/wp\/v2\/comments?post=271"}],"version-history":[{"count":17,"href":"https:\/\/www.drmarkhardman.com\/es\/wp-json\/wp\/v2\/pages\/271\/revisions"}],"predecessor-version":[{"id":1188,"href":"https:\/\/www.drmarkhardman.com\/es\/wp-json\/wp\/v2\/pages\/271\/revisions\/1188"}],"wp:attachment":[{"href":"https:\/\/www.drmarkhardman.com\/es\/wp-json\/wp\/v2\/media?parent=271"}],"curies":[{"name":"wp","href":"https:\/\/api.w.org\/{rel}","templated":true}]}}