{"id":248,"date":"2024-09-09T05:45:08","date_gmt":"2024-09-09T05:45:08","guid":{"rendered":"https:\/\/www.drmarkhardman.com\/es\/?page_id=248"},"modified":"2024-11-22T07:18:22","modified_gmt":"2024-11-22T07:18:22","slug":"coaching-en-diabetes","status":"publish","type":"page","link":"https:\/\/www.drmarkhardman.com\/es\/coaching-en-diabetes\/","title":{"rendered":"Coaching en diabetes"},"content":{"rendered":"<p><div class=\"fusion-fullwidth fullwidth-box fusion-builder-row-1 fusion-flex-container has-pattern-background has-mask-background fusion-parallax-none nonhundred-percent-fullwidth non-hundred-percent-height-scrolling\" style=\"--awb-background-blend-mode:overlay;--awb-border-radius-top-left:0px;--awb-border-radius-top-right:0px;--awb-border-radius-bottom-right:0px;--awb-border-radius-bottom-left:0px;--awb-padding-top:200px;--awb-padding-bottom:140px;--awb-padding-top-medium:70px;--awb-padding-bottom-medium:50px;--awb-padding-top-small:50px;--awb-padding-bottom-small:40px;--awb-background-color:rgba(20,22,23,0.38);--awb-background-image:url(&quot;https:\/\/www.drmarkhardman.com\/es\/wp-content\/uploads\/2024\/10\/IMG_6170-1.webp&quot;);--awb-background-size:cover;--awb-flex-wrap:wrap;\" ><div class=\"fusion-builder-row fusion-row fusion-flex-align-items-flex-start fusion-flex-content-wrap\" style=\"max-width:1248px;margin-left: calc(-4% \/ 2 );margin-right: calc(-4% \/ 2 );\"><div class=\"fusion-layout-column fusion_builder_column fusion-builder-column-0 fusion_builder_column_1_1 1_1 fusion-flex-column\" style=\"--awb-bg-size:cover;--awb-width-large:100%;--awb-margin-top-large:0px;--awb-spacing-right-large:1.92%;--awb-margin-bottom-large:20px;--awb-spacing-left-large:1.92%;--awb-width-medium:100%;--awb-order-medium:0;--awb-spacing-right-medium:1.92%;--awb-spacing-left-medium:1.92%;--awb-width-small:100%;--awb-order-small:0;--awb-spacing-right-small:1.92%;--awb-spacing-left-small:1.92%;\"><div class=\"fusion-column-wrapper fusion-column-has-shadow fusion-flex-justify-content-flex-start fusion-content-layout-column\"><div class=\"fusion-title title fusion-title-1 fusion-sep-none fusion-title-center fusion-title-text fusion-title-size-one\" style=\"--awb-text-color:var(--awb-color1);--awb-margin-top:0px;\"><h1 class=\"fusion-title-heading title-heading-center fusion-responsive-typography-calculated\" style=\"margin:0;--fontSize:64;line-height:var(--awb-typography1-line-height);\">Coaching en diabetes<\/h1><\/div><div class=\"fusion-separator\" style=\"align-self: center;margin-left: auto;margin-right: auto;margin-bottom:30px;width:100%;max-width:200px;\"><div class=\"fusion-separator-border sep-single sep-dashed\" style=\"--awb-height:20px;--awb-amount:20px;--awb-sep-color:var(--awb-color1);border-color:var(--awb-color1);border-top-width:1px;\"><\/div><\/div><\/div><\/div><\/div><\/div>\n<div id=\"risk-reduction\" class=\"fusion-container-anchor\"><div class=\"fusion-fullwidth fullwidth-box fusion-builder-row-2 fusion-flex-container has-pattern-background has-mask-background img-cus-full hundred-percent-fullwidth non-hundred-percent-height-scrolling\" style=\"--awb-border-radius-top-left:0px;--awb-border-radius-top-right:0px;--awb-border-radius-bottom-right:0px;--awb-border-radius-bottom-left:0px;--awb-padding-top:0px;--awb-padding-right:0px;--awb-padding-bottom:0px;--awb-padding-left:0px;--awb-padding-top-small:50px;--awb-padding-right-small:30px;--awb-padding-bottom-small:20px;--awb-padding-left-small:30px;--awb-flex-wrap:wrap;\" ><div class=\"fusion-builder-row fusion-row fusion-flex-align-items-stretch fusion-flex-content-wrap\" style=\"width:104% !important;max-width:104% !important;margin-left: calc(-4% \/ 2 );margin-right: calc(-4% \/ 2 );\"><div class=\"fusion-layout-column fusion_builder_column fusion-builder-column-1 fusion_builder_column_1_2 1_2 fusion-flex-column fusion-flex-align-self-stretch fusion-animated\" style=\"--awb-bg-image:url(&#039;https:\/\/www.drmarkhardman.com\/es\/wp-content\/uploads\/2024\/09\/AdobeStock_300229426.jpg&#039;);--awb-bg-position:center center;--awb-bg-size:cover;--awb-width-large:50%;--awb-margin-top-large:0px;--awb-spacing-right-large:0px;--awb-margin-bottom-large:0px;--awb-spacing-left-large:0px;--awb-width-medium:50%;--awb-order-medium:0;--awb-spacing-right-medium:0px;--awb-spacing-left-medium:0px;--awb-width-small:100%;--awb-order-small:0;--awb-spacing-right-small:1.92%;--awb-margin-bottom-small:20px;--awb-spacing-left-small:1.92%;\" data-animationType=\"fadeInRight\" data-animationDuration=\"1.0\" data-animationOffset=\"top-into-view\" data-scroll-devices=\"small-visibility,medium-visibility,large-visibility\"><div class=\"fusion-column-wrapper fusion-column-has-shadow fusion-flex-justify-content-center fusion-content-layout-column fusion-empty-column-bg-image fusion-column-has-bg-image\" data-bg-url=\"https:\/\/www.drmarkhardman.com\/es\/wp-content\/uploads\/2024\/09\/AdobeStock_300229426.jpg\"><img decoding=\"async\" class=\"fusion-empty-dims-img-placeholder fusion-no-large-visibility fusion-no-medium-visibility\" src=\"data:image\/svg+xml,%3Csvg%20xmlns%3D%27http%3A%2F%2Fwww.w3.org%2F2000%2Fsvg%27%20width%3D%271000%27%20height%3D%27667%27%20viewBox%3D%270%200%201000%20667%27%3E%3Crect%20width%3D%271000%27%20height%3D%27667%27%20fill-opacity%3D%220%22%2F%3E%3C%2Fsvg%3E\"><\/div><\/div><div class=\"fusion-layout-column fusion_builder_column fusion-builder-column-2 fusion_builder_column_1_2 1_2 fusion-flex-column fusion-flex-align-self-stretch fusion-animated\" style=\"--awb-padding-top:90px;--awb-padding-right:70px;--awb-padding-bottom:90px;--awb-padding-left:70px;--awb-padding-top-medium:30px;--awb-padding-right-medium:30px;--awb-padding-bottom-medium:30px;--awb-padding-left-medium:30px;--awb-padding-top-small:0px;--awb-padding-right-small:0px;--awb-padding-bottom-small:0px;--awb-padding-left-small:0px;--awb-bg-size:cover;--awb-width-large:50%;--awb-margin-top-large:0px;--awb-spacing-right-large:0px;--awb-margin-bottom-large:0px;--awb-spacing-left-large:0px;--awb-width-medium:50%;--awb-order-medium:0;--awb-spacing-right-medium:0px;--awb-spacing-left-medium:0px;--awb-width-small:100%;--awb-order-small:0;--awb-spacing-right-small:1.92%;--awb-margin-bottom-small:0px;--awb-spacing-left-small:1.92%;\" data-animationType=\"fadeInLeft\" data-animationDuration=\"1.0\" data-animationOffset=\"top-into-view\" data-scroll-devices=\"small-visibility,medium-visibility,large-visibility\"><div class=\"fusion-column-wrapper fusion-column-has-shadow fusion-flex-justify-content-center fusion-content-layout-column\"><div class=\"fusion-title title fusion-title-2 fusion-sep-none fusion-title-text fusion-title-size-paragraph\" style=\"--awb-text-color:var(--awb-color5);--awb-margin-bottom-small:0px;--awb-font-size:14px;\"><p class=\"fusion-title-heading title-heading-left title-heading-tag fusion-responsive-typography-calculated\" style=\"margin:0;font-size:1em;text-transform:uppercase;--fontSize:14;--minFontSize:14;line-height:var(--awb-typography4-line-height);\">Control experto de la diabetes<\/p><\/div><div class=\"fusion-title title fusion-title-3 fusion-sep-none fusion-title-text fusion-title-size-two\" style=\"--awb-margin-top:0px;--awb-margin-top-small:0px;\"><h2 class=\"fusion-title-heading title-heading-left fusion-responsive-typography-calculated\" style=\"margin:0;--fontSize:36;line-height:var(--awb-typography1-line-height);\">Coaching en diabetes<\/h2><\/div><div class=\"fusion-separator\" style=\"align-self: flex-start;margin-right:auto;margin-bottom:30px;width:100%;max-width:200px;\"><div class=\"fusion-separator-border sep-single sep-dashed\" style=\"--awb-height:20px;--awb-amount:20px;--awb-sep-color:var(--awb-color5);border-color:var(--awb-color5);border-top-width:1px;\"><\/div><\/div><div class=\"fusion-text fusion-text-1\"><p>Asesoramiento personalizado sobre diabetes centrado en mejorar su salud metab\u00f3lica y controlar la resistencia a la insulina. Como educadora en diabetes certificada, proporciono orientaci\u00f3n experta sobre nutrici\u00f3n e intervenciones en diabetes, con la monitorizaci\u00f3n continua de glucosa (MCG) como herramienta clave para realizar un seguimiento de sus niveles de az\u00facar en sangre en tiempo real. A trav\u00e9s de los datos de la MCG y las evaluaciones diet\u00e9ticas peri\u00f3dicas, adaptamos estrategias que le ayuden a lograr un mejor control de la glucosa y a tomar decisiones informadas sobre su salud.<\/p>\n<\/div><\/div><\/div><\/div><\/div><\/div><div class=\"fusion-fullwidth fullwidth-box fusion-builder-row-3 fusion-flex-container has-pattern-background has-mask-background nonhundred-percent-fullwidth non-hundred-percent-height-scrolling\" style=\"--awb-border-radius-top-left:0px;--awb-border-radius-top-right:0px;--awb-border-radius-bottom-right:0px;--awb-border-radius-bottom-left:0px;--awb-padding-top:5%;--awb-padding-bottom:4%;--awb-padding-bottom-medium:20px;--awb-padding-top-small:40px;--awb-padding-bottom-small:0px;--awb-background-color:var(--awb-color2);--awb-flex-wrap:wrap;\" ><div class=\"fusion-builder-row fusion-row fusion-flex-align-items-flex-start fusion-flex-justify-content-center fusion-flex-content-wrap\" style=\"max-width:1248px;margin-left: calc(-4% \/ 2 );margin-right: calc(-4% \/ 2 );\"><div class=\"fusion-layout-column fusion_builder_column fusion-builder-column-3 fusion_builder_column_3_4 3_4 fusion-flex-column\" style=\"--awb-bg-size:cover;--awb-width-large:75%;--awb-margin-top-large:0px;--awb-spacing-right-large:2.56%;--awb-margin-bottom-large:0px;--awb-spacing-left-large:2.56%;--awb-width-medium:100%;--awb-order-medium:0;--awb-spacing-right-medium:1.92%;--awb-spacing-left-medium:1.92%;--awb-width-small:100%;--awb-order-small:0;--awb-spacing-right-small:1.92%;--awb-spacing-left-small:1.92%;\" data-scroll-devices=\"small-visibility,medium-visibility,large-visibility\"><div class=\"fusion-column-wrapper fusion-column-has-shadow fusion-flex-justify-content-flex-start fusion-content-layout-column\"><div class=\"fusion-text fusion-text-2\"><p>Con una comunicaci\u00f3n frecuente y un an\u00e1lisis detallado de los resultados del MCG, podemos identificar tendencias en sus niveles de az\u00facar en sangre y ajustar su dieta y estilo de vida para satisfacer sus necesidades espec\u00edficas. Este enfoque proactivo ayuda a invertir la resistencia a la insulina y mejora la salud metab\u00f3lica general. Al ajustar su alimentaci\u00f3n y estilo de vida, trabajamos juntos para reducir la necesidad de medicaci\u00f3n y ayudarle a recuperar el control de sus niveles de az\u00facar en sangre.<\/p>\n<p>Los beneficios del coaching para diab\u00e9ticos van m\u00e1s all\u00e1 del control de la glucemia. La mejora de la salud metab\u00f3lica conlleva una reducci\u00f3n significativa del riesgo de complicaciones cardiovasculares, que son frecuentes en las personas con diabetes. Nuestro programa le capacita para tomar el control de su diabetes, mejorar su calidad de vida y minimizar los riesgos para la salud a largo plazo.<\/p>\n<\/div><\/div><\/div><\/div><\/div><\/p>\n","protected":false},"excerpt":{"rendered":"","protected":false},"author":1,"featured_media":0,"parent":0,"menu_order":0,"comment_status":"closed","ping_status":"closed","template":"100-width.php","meta":{"footnotes":""},"class_list":["post-248","page","type-page","status-publish","hentry"],"yoast_head":"<!-- This site is optimized with the Yoast SEO plugin v23.6 - https:\/\/yoast.com\/wordpress\/plugins\/seo\/ -->\n<title>Asesoramiento sobre diabetes para una mejor salud | Dr. Mark Hardman, MD, JD<\/title>\n<meta name=\"description\" content=\"Obtenga asesoramiento experto en diabetes con el Dr. Mark Hardman, MD, JD. A trav\u00e9s de orientaci\u00f3n y educaci\u00f3n personalizadas, mejore su control de az\u00facar en sangre, reduzca las complicaciones y mejore su salud general. El asesoramiento del Dr. Hardman le ayuda a hacerse cargo de su diabetes para lograr un bienestar a largo plazo.\" \/>\n<meta name=\"robots\" content=\"index, follow, max-snippet:-1, max-image-preview:large, max-video-preview:-1\" \/>\n<link rel=\"canonical\" href=\"https:\/\/www.drmarkhardman.com\/es\/coaching-en-diabetes\/\" \/>\n<meta property=\"og:locale\" content=\"en_US\" \/>\n<meta property=\"og:type\" content=\"article\" \/>\n<meta property=\"og:title\" content=\"Asesoramiento sobre diabetes para una mejor salud | Dr. Mark Hardman, MD, JD\" \/>\n<meta property=\"og:description\" content=\"Obtenga asesoramiento experto en diabetes con el Dr. Mark Hardman, MD, JD. A trav\u00e9s de orientaci\u00f3n y educaci\u00f3n personalizadas, mejore su control de az\u00facar en sangre, reduzca las complicaciones y mejore su salud general. El asesoramiento del Dr. Hardman le ayuda a hacerse cargo de su diabetes para lograr un bienestar a largo plazo.\" \/>\n<meta property=\"og:url\" content=\"https:\/\/www.drmarkhardman.com\/es\/coaching-en-diabetes\/\" \/>\n<meta property=\"og:site_name\" content=\"Personalized Medicine and Health Coaching, PLLC\" \/>\n<meta property=\"article:modified_time\" content=\"2024-11-22T07:18:22+00:00\" \/>\n<meta name=\"twitter:card\" content=\"summary_large_image\" \/>\n<meta name=\"twitter:label1\" content=\"Est. reading time\" \/>\n\t<meta name=\"twitter:data1\" content=\"2 minutes\" \/>\n<script type=\"application\/ld+json\" class=\"yoast-schema-graph\">{\"@context\":\"https:\/\/schema.org\",\"@graph\":[{\"@type\":\"WebPage\",\"@id\":\"https:\/\/www.drmarkhardman.com\/es\/coaching-en-diabetes\/\",\"url\":\"https:\/\/www.drmarkhardman.com\/es\/coaching-en-diabetes\/\",\"name\":\"Asesoramiento sobre diabetes para una mejor salud | Dr. Mark Hardman, MD, JD\",\"isPartOf\":{\"@id\":\"https:\/\/www.drmarkhardman.com\/es\/#website\"},\"datePublished\":\"2024-09-09T05:45:08+00:00\",\"dateModified\":\"2024-11-22T07:18:22+00:00\",\"description\":\"Obtenga asesoramiento experto en diabetes con el Dr. Mark Hardman, MD, JD. A trav\u00e9s de orientaci\u00f3n y educaci\u00f3n personalizadas, mejore su control de az\u00facar en sangre, reduzca las complicaciones y mejore su salud general. El asesoramiento del Dr. Hardman le ayuda a hacerse cargo de su diabetes para lograr un bienestar a largo plazo.\",\"breadcrumb\":{\"@id\":\"https:\/\/www.drmarkhardman.com\/es\/coaching-en-diabetes\/#breadcrumb\"},\"inLanguage\":\"en\",\"potentialAction\":[{\"@type\":\"ReadAction\",\"target\":[\"https:\/\/www.drmarkhardman.com\/es\/coaching-en-diabetes\/\"]}]},{\"@type\":\"BreadcrumbList\",\"@id\":\"https:\/\/www.drmarkhardman.com\/es\/coaching-en-diabetes\/#breadcrumb\",\"itemListElement\":[{\"@type\":\"ListItem\",\"position\":1,\"name\":\"Home\",\"item\":\"https:\/\/www.drmarkhardman.com\/es\/\"},{\"@type\":\"ListItem\",\"position\":2,\"name\":\"Coaching en diabetes\"}]},{\"@type\":\"WebSite\",\"@id\":\"https:\/\/www.drmarkhardman.com\/es\/#website\",\"url\":\"https:\/\/www.drmarkhardman.com\/es\/\",\"name\":\"Personalized Medicine and Health Coaching, PLLC\",\"description\":\"\",\"potentialAction\":[{\"@type\":\"SearchAction\",\"target\":{\"@type\":\"EntryPoint\",\"urlTemplate\":\"https:\/\/www.drmarkhardman.com\/es\/?s={search_term_string}\"},\"query-input\":{\"@type\":\"PropertyValueSpecification\",\"valueRequired\":true,\"valueName\":\"search_term_string\"}}],\"inLanguage\":\"en\"}]}<\/script>\n<!-- \/ Yoast SEO plugin. -->","yoast_head_json":{"title":"Asesoramiento sobre diabetes para una mejor salud | Dr. Mark Hardman, MD, JD","description":"Obtenga asesoramiento experto en diabetes con el Dr. Mark Hardman, MD, JD. A trav\u00e9s de orientaci\u00f3n y educaci\u00f3n personalizadas, mejore su control de az\u00facar en sangre, reduzca las complicaciones y mejore su salud general. El asesoramiento del Dr. Hardman le ayuda a hacerse cargo de su diabetes para lograr un bienestar a largo plazo.","robots":{"index":"index","follow":"follow","max-snippet":"max-snippet:-1","max-image-preview":"max-image-preview:large","max-video-preview":"max-video-preview:-1"},"canonical":"https:\/\/www.drmarkhardman.com\/es\/coaching-en-diabetes\/","og_locale":"en_US","og_type":"article","og_title":"Asesoramiento sobre diabetes para una mejor salud | Dr. Mark Hardman, MD, JD","og_description":"Obtenga asesoramiento experto en diabetes con el Dr. Mark Hardman, MD, JD. A trav\u00e9s de orientaci\u00f3n y educaci\u00f3n personalizadas, mejore su control de az\u00facar en sangre, reduzca las complicaciones y mejore su salud general. El asesoramiento del Dr. Hardman le ayuda a hacerse cargo de su diabetes para lograr un bienestar a largo plazo.","og_url":"https:\/\/www.drmarkhardman.com\/es\/coaching-en-diabetes\/","og_site_name":"Personalized Medicine and Health Coaching, PLLC","article_modified_time":"2024-11-22T07:18:22+00:00","twitter_card":"summary_large_image","twitter_misc":{"Est. reading time":"2 minutes"},"schema":{"@context":"https:\/\/schema.org","@graph":[{"@type":"WebPage","@id":"https:\/\/www.drmarkhardman.com\/es\/coaching-en-diabetes\/","url":"https:\/\/www.drmarkhardman.com\/es\/coaching-en-diabetes\/","name":"Asesoramiento sobre diabetes para una mejor salud | Dr. Mark Hardman, MD, JD","isPartOf":{"@id":"https:\/\/www.drmarkhardman.com\/es\/#website"},"datePublished":"2024-09-09T05:45:08+00:00","dateModified":"2024-11-22T07:18:22+00:00","description":"Obtenga asesoramiento experto en diabetes con el Dr. Mark Hardman, MD, JD. A trav\u00e9s de orientaci\u00f3n y educaci\u00f3n personalizadas, mejore su control de az\u00facar en sangre, reduzca las complicaciones y mejore su salud general. El asesoramiento del Dr. Hardman le ayuda a hacerse cargo de su diabetes para lograr un bienestar a largo plazo.","breadcrumb":{"@id":"https:\/\/www.drmarkhardman.com\/es\/coaching-en-diabetes\/#breadcrumb"},"inLanguage":"en","potentialAction":[{"@type":"ReadAction","target":["https:\/\/www.drmarkhardman.com\/es\/coaching-en-diabetes\/"]}]},{"@type":"BreadcrumbList","@id":"https:\/\/www.drmarkhardman.com\/es\/coaching-en-diabetes\/#breadcrumb","itemListElement":[{"@type":"ListItem","position":1,"name":"Home","item":"https:\/\/www.drmarkhardman.com\/es\/"},{"@type":"ListItem","position":2,"name":"Coaching en diabetes"}]},{"@type":"WebSite","@id":"https:\/\/www.drmarkhardman.com\/es\/#website","url":"https:\/\/www.drmarkhardman.com\/es\/","name":"Personalized Medicine and Health Coaching, PLLC","description":"","potentialAction":[{"@type":"SearchAction","target":{"@type":"EntryPoint","urlTemplate":"https:\/\/www.drmarkhardman.com\/es\/?s={search_term_string}"},"query-input":{"@type":"PropertyValueSpecification","valueRequired":true,"valueName":"search_term_string"}}],"inLanguage":"en"}]}},"_links":{"self":[{"href":"https:\/\/www.drmarkhardman.com\/es\/wp-json\/wp\/v2\/pages\/248"}],"collection":[{"href":"https:\/\/www.drmarkhardman.com\/es\/wp-json\/wp\/v2\/pages"}],"about":[{"href":"https:\/\/www.drmarkhardman.com\/es\/wp-json\/wp\/v2\/types\/page"}],"author":[{"embeddable":true,"href":"https:\/\/www.drmarkhardman.com\/es\/wp-json\/wp\/v2\/users\/1"}],"replies":[{"embeddable":true,"href":"https:\/\/www.drmarkhardman.com\/es\/wp-json\/wp\/v2\/comments?post=248"}],"version-history":[{"count":12,"href":"https:\/\/www.drmarkhardman.com\/es\/wp-json\/wp\/v2\/pages\/248\/revisions"}],"predecessor-version":[{"id":1282,"href":"https:\/\/www.drmarkhardman.com\/es\/wp-json\/wp\/v2\/pages\/248\/revisions\/1282"}],"wp:attachment":[{"href":"https:\/\/www.drmarkhardman.com\/es\/wp-json\/wp\/v2\/media?parent=248"}],"curies":[{"name":"wp","href":"https:\/\/api.w.org\/{rel}","templated":true}]}}