{"id":232,"date":"2024-09-09T05:22:55","date_gmt":"2024-09-09T05:22:55","guid":{"rendered":"https:\/\/www.drmarkhardman.com\/es\/?page_id=232"},"modified":"2024-11-22T07:06:31","modified_gmt":"2024-11-22T07:06:31","slug":"evaluacion-del-riesgo-cardiovascular","status":"publish","type":"page","link":"https:\/\/www.drmarkhardman.com\/es\/evaluacion-del-riesgo-cardiovascular\/","title":{"rendered":"Evaluaci\u00f3n del riesgo cardiovascular"},"content":{"rendered":"<p><div class=\"fusion-fullwidth fullwidth-box fusion-builder-row-1 fusion-flex-container has-pattern-background has-mask-background fusion-parallax-none nonhundred-percent-fullwidth non-hundred-percent-height-scrolling\" style=\"--awb-background-blend-mode:overlay;--awb-border-radius-top-left:0px;--awb-border-radius-top-right:0px;--awb-border-radius-bottom-right:0px;--awb-border-radius-bottom-left:0px;--awb-padding-top:200px;--awb-padding-bottom:140px;--awb-padding-top-medium:70px;--awb-padding-bottom-medium:50px;--awb-padding-top-small:50px;--awb-padding-bottom-small:40px;--awb-background-color:rgba(20,22,23,0.38);--awb-background-image:url(&quot;https:\/\/www.drmarkhardman.com\/es\/wp-content\/uploads\/2024\/10\/IMG_6170-1.webp&quot;);--awb-background-size:cover;--awb-flex-wrap:wrap;\" ><div class=\"fusion-builder-row fusion-row fusion-flex-align-items-flex-start fusion-flex-content-wrap\" style=\"max-width:1248px;margin-left: calc(-4% \/ 2 );margin-right: calc(-4% \/ 2 );\"><div class=\"fusion-layout-column fusion_builder_column fusion-builder-column-0 fusion_builder_column_1_1 1_1 fusion-flex-column\" style=\"--awb-bg-size:cover;--awb-width-large:100%;--awb-margin-top-large:0px;--awb-spacing-right-large:1.92%;--awb-margin-bottom-large:20px;--awb-spacing-left-large:1.92%;--awb-width-medium:100%;--awb-order-medium:0;--awb-spacing-right-medium:1.92%;--awb-spacing-left-medium:1.92%;--awb-width-small:100%;--awb-order-small:0;--awb-spacing-right-small:1.92%;--awb-spacing-left-small:1.92%;\"><div class=\"fusion-column-wrapper fusion-column-has-shadow fusion-flex-justify-content-flex-start fusion-content-layout-column\"><div class=\"fusion-title title fusion-title-1 fusion-sep-none fusion-title-center fusion-title-text fusion-title-size-one\" style=\"--awb-text-color:var(--awb-color1);--awb-margin-top:0px;\"><h1 class=\"fusion-title-heading title-heading-center fusion-responsive-typography-calculated\" style=\"margin:0;--fontSize:64;line-height:var(--awb-typography1-line-height);\">Evaluaci\u00f3n del riesgo cardiovascular<\/h1><\/div><div class=\"fusion-separator\" style=\"align-self: center;margin-left: auto;margin-right: auto;margin-bottom:30px;width:100%;max-width:200px;\"><div class=\"fusion-separator-border sep-single sep-dashed\" style=\"--awb-height:20px;--awb-amount:20px;--awb-sep-color:var(--awb-color1);border-color:var(--awb-color1);border-top-width:1px;\"><\/div><\/div><\/div><\/div><\/div><\/div>\n<div id=\"risk-reduction\" class=\"fusion-container-anchor\"><div class=\"fusion-fullwidth fullwidth-box fusion-builder-row-2 fusion-flex-container has-pattern-background has-mask-background img-cus-full nonhundred-percent-fullwidth non-hundred-percent-height-scrolling\" style=\"--awb-border-radius-top-left:0px;--awb-border-radius-top-right:0px;--awb-border-radius-bottom-right:0px;--awb-border-radius-bottom-left:0px;--awb-padding-top:5%;--awb-padding-bottom:5%;--awb-padding-top-small:50px;--awb-padding-right-small:30px;--awb-padding-bottom-small:20px;--awb-padding-left-small:30px;--awb-flex-wrap:wrap;\" ><div class=\"fusion-builder-row fusion-row fusion-flex-align-items-stretch fusion-flex-justify-content-center fusion-flex-content-wrap\" style=\"max-width:1248px;margin-left: calc(-4% \/ 2 );margin-right: calc(-4% \/ 2 );\"><div class=\"fusion-layout-column fusion_builder_column fusion-builder-column-1 fusion_builder_column_3_4 3_4 fusion-flex-column fusion-flex-align-self-stretch fusion-animated\" style=\"--awb-bg-size:cover;--awb-width-large:75%;--awb-margin-top-large:0px;--awb-spacing-right-large:2.56%;--awb-margin-bottom-large:0px;--awb-spacing-left-large:2.56%;--awb-width-medium:75%;--awb-order-medium:0;--awb-spacing-right-medium:2.56%;--awb-spacing-left-medium:2.56%;--awb-width-small:100%;--awb-order-small:0;--awb-spacing-right-small:1.92%;--awb-margin-bottom-small:0px;--awb-spacing-left-small:1.92%;\" data-animationType=\"fadeInLeft\" data-animationDuration=\"1.0\" data-animationOffset=\"top-into-view\" data-scroll-devices=\"small-visibility,medium-visibility,large-visibility\"><div class=\"fusion-column-wrapper fusion-column-has-shadow fusion-flex-justify-content-center fusion-content-layout-column\"><div class=\"fusion-title title fusion-title-2 fusion-sep-none fusion-title-text fusion-title-size-paragraph\" style=\"--awb-text-color:var(--awb-color5);--awb-margin-bottom-small:0px;--awb-font-size:14px;\"><p class=\"fusion-title-heading title-heading-left title-heading-tag fusion-responsive-typography-calculated\" style=\"margin:0;font-size:1em;text-transform:uppercase;--fontSize:14;--minFontSize:14;line-height:var(--awb-typography4-line-height);\">Gesti\u00f3n integral de la salud cardiaca<\/p><\/div><div class=\"fusion-title title fusion-title-3 fusion-sep-none fusion-title-text fusion-title-size-two\" style=\"--awb-margin-top:0px;--awb-margin-top-small:0px;\"><h2 class=\"fusion-title-heading title-heading-left fusion-responsive-typography-calculated\" style=\"margin:0;--fontSize:36;line-height:var(--awb-typography1-line-height);\">Reducci\u00f3n del riesgo cardiovascular<\/h2><\/div><div class=\"fusion-separator\" style=\"align-self: flex-start;margin-right:auto;margin-bottom:30px;width:100%;max-width:200px;\"><div class=\"fusion-separator-border sep-single sep-dashed\" style=\"--awb-height:20px;--awb-amount:20px;--awb-sep-color:var(--awb-color5);border-color:var(--awb-color5);border-top-width:1px;\"><\/div><\/div><div class=\"fusion-text fusion-text-1\"><p>Una evaluaci\u00f3n completa del riesgo cardiovascular le proporciona un conocimiento detallado de la salud de su coraz\u00f3n. El examen de factores clave como los niveles de colesterol, la tensi\u00f3n arterial, los h\u00e1bitos de vida y los antecedentes familiares ayuda a predecir su riesgo general de padecer enfermedades cardiacas. Gracias a los perfiles lip\u00eddicos avanzados y a las \u00faltimas investigaciones cardiovasculares, recibir\u00e1 informaci\u00f3n personalizada sobre sus factores de riesgo espec\u00edficos, lo que le permitir\u00e1 tomar medidas proactivas para prevenir las enfermedades cardiacas.<\/p>\n<\/div><\/div><\/div><\/div><\/div><\/div><div class=\"fusion-fullwidth fullwidth-box fusion-builder-row-3 fusion-flex-container has-pattern-background has-mask-background nonhundred-percent-fullwidth non-hundred-percent-height-scrolling\" style=\"--awb-border-radius-top-left:0px;--awb-border-radius-top-right:0px;--awb-border-radius-bottom-right:0px;--awb-border-radius-bottom-left:0px;--awb-padding-top:5%;--awb-padding-bottom:4%;--awb-padding-bottom-medium:20px;--awb-padding-top-small:40px;--awb-padding-bottom-small:0px;--awb-background-color:var(--awb-color2);--awb-flex-wrap:wrap;\" ><div class=\"fusion-builder-row fusion-row fusion-flex-align-items-flex-start fusion-flex-justify-content-center fusion-flex-content-wrap\" style=\"max-width:1248px;margin-left: calc(-4% \/ 2 );margin-right: calc(-4% \/ 2 );\"><div class=\"fusion-layout-column fusion_builder_column fusion-builder-column-2 fusion_builder_column_3_4 3_4 fusion-flex-column\" style=\"--awb-bg-size:cover;--awb-width-large:75%;--awb-margin-top-large:0px;--awb-spacing-right-large:2.56%;--awb-margin-bottom-large:20px;--awb-spacing-left-large:2.56%;--awb-width-medium:100%;--awb-order-medium:0;--awb-spacing-right-medium:1.92%;--awb-spacing-left-medium:1.92%;--awb-width-small:100%;--awb-order-small:0;--awb-spacing-right-small:1.92%;--awb-spacing-left-small:1.92%;\"><div class=\"fusion-column-wrapper fusion-column-has-shadow fusion-flex-justify-content-flex-start fusion-content-layout-column\"><div class=\"fusion-text fusion-text-2\"><p>Como especialista cl\u00ednica en l\u00edpidos, puedo ayudarle a comprender c\u00f3mo su perfil lip\u00eddico afecta a su riesgo de aterosclerosis, infarto de miocardio y accidente cerebrovascular. Con esta informaci\u00f3n, podemos desarrollar estrategias a medida, incluyendo modificaciones diet\u00e9ticas, recomendaciones de ejercicio y, cuando sea necesario, terapias m\u00e9dicas para optimizar su salud cardiovascular.<\/p>\n<p>Una evaluaci\u00f3n del riesgo cardiovascular aporta valor a los pacientes al identificar posibles problemas de forma precoz, lo que permite tomar medidas preventivas antes de que aparezcan los s\u00edntomas. Este enfoque personalizado le ofrece una imagen clara de su salud cardiaca y orientaci\u00f3n experta para reducir el riesgo de enfermedad cardiaca, mejorar su calidad de vida y lograr resultados de salud a largo plazo.<\/p>\n<\/div><div ><a class=\"fusion-button button-flat fusion-button-default-size button-default fusion-button-default button-1 fusion-button-default-span fusion-button-default-type\" target=\"_self\" href=\"\/es\/la-atencion-sanitaria-personalizada-es-fundamental\/\"><span class=\"fusion-button-text\">Leer m\u00e1s<\/span><\/a><\/div><\/div><\/div><\/div><\/div><\/p>\n","protected":false},"excerpt":{"rendered":"","protected":false},"author":1,"featured_media":0,"parent":0,"menu_order":0,"comment_status":"closed","ping_status":"closed","template":"100-width.php","meta":{"footnotes":""},"class_list":["post-232","page","type-page","status-publish","hentry"],"yoast_head":"<!-- This site is optimized with the Yoast SEO plugin v23.6 - https:\/\/yoast.com\/wordpress\/plugins\/seo\/ -->\n<title>Evaluaci\u00f3n de riesgos cardiovasculares | Dr. Mark Hardman, MD, JD<\/title>\n<meta name=\"description\" content=\"Tome el control de la salud de su coraz\u00f3n con una evaluaci\u00f3n integral del riesgo cardiovascular realizada por el Dr. Mark Hardman, MD, JD. Reciba orientaci\u00f3n personalizada para reducir su riesgo de enfermedad card\u00edaca y mejorar el bienestar cardiovascular general a trav\u00e9s de servicios de telesalud expertos.\" \/>\n<meta name=\"robots\" content=\"index, follow, max-snippet:-1, max-image-preview:large, max-video-preview:-1\" \/>\n<link rel=\"canonical\" href=\"https:\/\/www.drmarkhardman.com\/es\/evaluacion-del-riesgo-cardiovascular\/\" \/>\n<meta property=\"og:locale\" content=\"en_US\" \/>\n<meta property=\"og:type\" content=\"article\" \/>\n<meta property=\"og:title\" content=\"Evaluaci\u00f3n de riesgos cardiovasculares | Dr. Mark Hardman, MD, JD\" \/>\n<meta property=\"og:description\" content=\"Tome el control de la salud de su coraz\u00f3n con una evaluaci\u00f3n integral del riesgo cardiovascular realizada por el Dr. Mark Hardman, MD, JD. Reciba orientaci\u00f3n personalizada para reducir su riesgo de enfermedad card\u00edaca y mejorar el bienestar cardiovascular general a trav\u00e9s de servicios de telesalud expertos.\" \/>\n<meta property=\"og:url\" content=\"https:\/\/www.drmarkhardman.com\/es\/evaluacion-del-riesgo-cardiovascular\/\" \/>\n<meta property=\"og:site_name\" content=\"Personalized Medicine and Health Coaching, PLLC\" \/>\n<meta property=\"article:modified_time\" content=\"2024-11-22T07:06:31+00:00\" \/>\n<meta name=\"twitter:card\" content=\"summary_large_image\" \/>\n<meta name=\"twitter:label1\" content=\"Est. reading time\" \/>\n\t<meta name=\"twitter:data1\" content=\"1 minute\" \/>\n<script type=\"application\/ld+json\" class=\"yoast-schema-graph\">{\"@context\":\"https:\/\/schema.org\",\"@graph\":[{\"@type\":\"WebPage\",\"@id\":\"https:\/\/www.drmarkhardman.com\/es\/evaluacion-del-riesgo-cardiovascular\/\",\"url\":\"https:\/\/www.drmarkhardman.com\/es\/evaluacion-del-riesgo-cardiovascular\/\",\"name\":\"Evaluaci\u00f3n de riesgos cardiovasculares | Dr. Mark Hardman, MD, JD\",\"isPartOf\":{\"@id\":\"https:\/\/www.drmarkhardman.com\/es\/#website\"},\"datePublished\":\"2024-09-09T05:22:55+00:00\",\"dateModified\":\"2024-11-22T07:06:31+00:00\",\"description\":\"Tome el control de la salud de su coraz\u00f3n con una evaluaci\u00f3n integral del riesgo cardiovascular realizada por el Dr. Mark Hardman, MD, JD. Reciba orientaci\u00f3n personalizada para reducir su riesgo de enfermedad card\u00edaca y mejorar el bienestar cardiovascular general a trav\u00e9s de servicios de telesalud expertos.\",\"breadcrumb\":{\"@id\":\"https:\/\/www.drmarkhardman.com\/es\/evaluacion-del-riesgo-cardiovascular\/#breadcrumb\"},\"inLanguage\":\"en\",\"potentialAction\":[{\"@type\":\"ReadAction\",\"target\":[\"https:\/\/www.drmarkhardman.com\/es\/evaluacion-del-riesgo-cardiovascular\/\"]}]},{\"@type\":\"BreadcrumbList\",\"@id\":\"https:\/\/www.drmarkhardman.com\/es\/evaluacion-del-riesgo-cardiovascular\/#breadcrumb\",\"itemListElement\":[{\"@type\":\"ListItem\",\"position\":1,\"name\":\"Home\",\"item\":\"https:\/\/www.drmarkhardman.com\/es\/\"},{\"@type\":\"ListItem\",\"position\":2,\"name\":\"Evaluaci\u00f3n del riesgo cardiovascular\"}]},{\"@type\":\"WebSite\",\"@id\":\"https:\/\/www.drmarkhardman.com\/es\/#website\",\"url\":\"https:\/\/www.drmarkhardman.com\/es\/\",\"name\":\"Personalized Medicine and Health Coaching, PLLC\",\"description\":\"\",\"potentialAction\":[{\"@type\":\"SearchAction\",\"target\":{\"@type\":\"EntryPoint\",\"urlTemplate\":\"https:\/\/www.drmarkhardman.com\/es\/?s={search_term_string}\"},\"query-input\":{\"@type\":\"PropertyValueSpecification\",\"valueRequired\":true,\"valueName\":\"search_term_string\"}}],\"inLanguage\":\"en\"}]}<\/script>\n<!-- \/ Yoast SEO plugin. -->","yoast_head_json":{"title":"Evaluaci\u00f3n de riesgos cardiovasculares | Dr. Mark Hardman, MD, JD","description":"Tome el control de la salud de su coraz\u00f3n con una evaluaci\u00f3n integral del riesgo cardiovascular realizada por el Dr. Mark Hardman, MD, JD. Reciba orientaci\u00f3n personalizada para reducir su riesgo de enfermedad card\u00edaca y mejorar el bienestar cardiovascular general a trav\u00e9s de servicios de telesalud expertos.","robots":{"index":"index","follow":"follow","max-snippet":"max-snippet:-1","max-image-preview":"max-image-preview:large","max-video-preview":"max-video-preview:-1"},"canonical":"https:\/\/www.drmarkhardman.com\/es\/evaluacion-del-riesgo-cardiovascular\/","og_locale":"en_US","og_type":"article","og_title":"Evaluaci\u00f3n de riesgos cardiovasculares | Dr. Mark Hardman, MD, JD","og_description":"Tome el control de la salud de su coraz\u00f3n con una evaluaci\u00f3n integral del riesgo cardiovascular realizada por el Dr. Mark Hardman, MD, JD. Reciba orientaci\u00f3n personalizada para reducir su riesgo de enfermedad card\u00edaca y mejorar el bienestar cardiovascular general a trav\u00e9s de servicios de telesalud expertos.","og_url":"https:\/\/www.drmarkhardman.com\/es\/evaluacion-del-riesgo-cardiovascular\/","og_site_name":"Personalized Medicine and Health Coaching, PLLC","article_modified_time":"2024-11-22T07:06:31+00:00","twitter_card":"summary_large_image","twitter_misc":{"Est. reading time":"1 minute"},"schema":{"@context":"https:\/\/schema.org","@graph":[{"@type":"WebPage","@id":"https:\/\/www.drmarkhardman.com\/es\/evaluacion-del-riesgo-cardiovascular\/","url":"https:\/\/www.drmarkhardman.com\/es\/evaluacion-del-riesgo-cardiovascular\/","name":"Evaluaci\u00f3n de riesgos cardiovasculares | Dr. Mark Hardman, MD, JD","isPartOf":{"@id":"https:\/\/www.drmarkhardman.com\/es\/#website"},"datePublished":"2024-09-09T05:22:55+00:00","dateModified":"2024-11-22T07:06:31+00:00","description":"Tome el control de la salud de su coraz\u00f3n con una evaluaci\u00f3n integral del riesgo cardiovascular realizada por el Dr. Mark Hardman, MD, JD. Reciba orientaci\u00f3n personalizada para reducir su riesgo de enfermedad card\u00edaca y mejorar el bienestar cardiovascular general a trav\u00e9s de servicios de telesalud expertos.","breadcrumb":{"@id":"https:\/\/www.drmarkhardman.com\/es\/evaluacion-del-riesgo-cardiovascular\/#breadcrumb"},"inLanguage":"en","potentialAction":[{"@type":"ReadAction","target":["https:\/\/www.drmarkhardman.com\/es\/evaluacion-del-riesgo-cardiovascular\/"]}]},{"@type":"BreadcrumbList","@id":"https:\/\/www.drmarkhardman.com\/es\/evaluacion-del-riesgo-cardiovascular\/#breadcrumb","itemListElement":[{"@type":"ListItem","position":1,"name":"Home","item":"https:\/\/www.drmarkhardman.com\/es\/"},{"@type":"ListItem","position":2,"name":"Evaluaci\u00f3n del riesgo cardiovascular"}]},{"@type":"WebSite","@id":"https:\/\/www.drmarkhardman.com\/es\/#website","url":"https:\/\/www.drmarkhardman.com\/es\/","name":"Personalized Medicine and Health Coaching, PLLC","description":"","potentialAction":[{"@type":"SearchAction","target":{"@type":"EntryPoint","urlTemplate":"https:\/\/www.drmarkhardman.com\/es\/?s={search_term_string}"},"query-input":{"@type":"PropertyValueSpecification","valueRequired":true,"valueName":"search_term_string"}}],"inLanguage":"en"}]}},"_links":{"self":[{"href":"https:\/\/www.drmarkhardman.com\/es\/wp-json\/wp\/v2\/pages\/232"}],"collection":[{"href":"https:\/\/www.drmarkhardman.com\/es\/wp-json\/wp\/v2\/pages"}],"about":[{"href":"https:\/\/www.drmarkhardman.com\/es\/wp-json\/wp\/v2\/types\/page"}],"author":[{"embeddable":true,"href":"https:\/\/www.drmarkhardman.com\/es\/wp-json\/wp\/v2\/users\/1"}],"replies":[{"embeddable":true,"href":"https:\/\/www.drmarkhardman.com\/es\/wp-json\/wp\/v2\/comments?post=232"}],"version-history":[{"count":20,"href":"https:\/\/www.drmarkhardman.com\/es\/wp-json\/wp\/v2\/pages\/232\/revisions"}],"predecessor-version":[{"id":1187,"href":"https:\/\/www.drmarkhardman.com\/es\/wp-json\/wp\/v2\/pages\/232\/revisions\/1187"}],"wp:attachment":[{"href":"https:\/\/www.drmarkhardman.com\/es\/wp-json\/wp\/v2\/media?parent=232"}],"curies":[{"name":"wp","href":"https:\/\/api.w.org\/{rel}","templated":true}]}}