{"id":1051,"date":"2024-10-01T11:07:16","date_gmt":"2024-10-01T11:07:16","guid":{"rendered":"https:\/\/www.drmarkhardman.com\/es\/?page_id=1051"},"modified":"2024-11-22T08:22:00","modified_gmt":"2024-11-22T08:22:00","slug":"entrenamiento-de-nutricion-y-fitness","status":"publish","type":"page","link":"https:\/\/www.drmarkhardman.com\/es\/entrenamiento-de-nutricion-y-fitness\/","title":{"rendered":"Entrenamiento de nutrici\u00f3n y fitness"},"content":{"rendered":"<p><div class=\"fusion-fullwidth fullwidth-box fusion-builder-row-1 fusion-flex-container has-pattern-background has-mask-background fusion-parallax-none nonhundred-percent-fullwidth non-hundred-percent-height-scrolling\" style=\"--awb-background-blend-mode:overlay;--awb-border-radius-top-left:0px;--awb-border-radius-top-right:0px;--awb-border-radius-bottom-right:0px;--awb-border-radius-bottom-left:0px;--awb-padding-top:200px;--awb-padding-bottom:140px;--awb-padding-top-medium:70px;--awb-padding-bottom-medium:50px;--awb-padding-top-small:50px;--awb-padding-bottom-small:40px;--awb-background-color:rgba(20,22,23,0.38);--awb-background-image:url(&quot;https:\/\/www.drmarkhardman.com\/es\/wp-content\/uploads\/2024\/10\/IMG_6170-1.webp&quot;);--awb-background-size:cover;--awb-flex-wrap:wrap;\" ><div class=\"fusion-builder-row fusion-row fusion-flex-align-items-flex-start fusion-flex-content-wrap\" style=\"max-width:1248px;margin-left: calc(-4% \/ 2 );margin-right: calc(-4% \/ 2 );\"><div class=\"fusion-layout-column fusion_builder_column fusion-builder-column-0 fusion_builder_column_1_1 1_1 fusion-flex-column\" style=\"--awb-bg-size:cover;--awb-width-large:100%;--awb-margin-top-large:0px;--awb-spacing-right-large:1.92%;--awb-margin-bottom-large:20px;--awb-spacing-left-large:1.92%;--awb-width-medium:100%;--awb-order-medium:0;--awb-spacing-right-medium:1.92%;--awb-spacing-left-medium:1.92%;--awb-width-small:100%;--awb-order-small:0;--awb-spacing-right-small:1.92%;--awb-spacing-left-small:1.92%;\"><div class=\"fusion-column-wrapper fusion-column-has-shadow fusion-flex-justify-content-flex-start fusion-content-layout-column\"><div class=\"fusion-title title fusion-title-1 fusion-sep-none fusion-title-center fusion-title-text fusion-title-size-one\" style=\"--awb-text-color:var(--awb-color1);--awb-margin-top:0px;\"><h1 class=\"fusion-title-heading title-heading-center fusion-responsive-typography-calculated\" style=\"margin:0;--fontSize:64;line-height:var(--awb-typography1-line-height);\">Entrenamiento de nutrici\u00f3n y fitness<\/h1><\/div><div class=\"fusion-separator\" style=\"align-self: center;margin-left: auto;margin-right: auto;margin-bottom:30px;width:100%;max-width:200px;\"><div class=\"fusion-separator-border sep-single sep-dashed\" style=\"--awb-height:20px;--awb-amount:20px;--awb-sep-color:var(--awb-color1);border-color:var(--awb-color1);border-top-width:1px;\"><\/div><\/div><\/div><\/div><\/div><\/div>\n<div id=\"risk-reduction\" class=\"fusion-container-anchor\"><div class=\"fusion-fullwidth fullwidth-box fusion-builder-row-2 fusion-flex-container has-pattern-background has-mask-background img-cus-full hundred-percent-fullwidth non-hundred-percent-height-scrolling\" style=\"--awb-border-radius-top-left:0px;--awb-border-radius-top-right:0px;--awb-border-radius-bottom-right:0px;--awb-border-radius-bottom-left:0px;--awb-padding-top:0px;--awb-padding-right:0px;--awb-padding-bottom:0px;--awb-padding-left:0px;--awb-padding-top-small:50px;--awb-padding-right-small:30px;--awb-padding-bottom-small:20px;--awb-padding-left-small:30px;--awb-background-color:rgba(255,255,255,0);--awb-flex-wrap:wrap;\" ><div class=\"fusion-builder-row fusion-row fusion-flex-align-items-stretch fusion-flex-content-wrap\" style=\"width:104% !important;max-width:104% !important;margin-left: calc(-4% \/ 2 );margin-right: calc(-4% \/ 2 );\"><div class=\"fusion-layout-column fusion_builder_column fusion-builder-column-1 fusion_builder_column_1_2 1_2 fusion-flex-column fusion-flex-align-self-stretch fusion-animated\" style=\"--awb-bg-image:url(&#039;https:\/\/www.drmarkhardman.com\/es\/wp-content\/uploads\/2024\/09\/AdobeStock_668093144.jpg&#039;);--awb-bg-position:center center;--awb-bg-size:cover;--awb-width-large:50%;--awb-margin-top-large:0px;--awb-spacing-right-large:0px;--awb-margin-bottom-large:0px;--awb-spacing-left-large:0px;--awb-width-medium:50%;--awb-order-medium:0;--awb-spacing-right-medium:0px;--awb-spacing-left-medium:0px;--awb-width-small:100%;--awb-order-small:0;--awb-spacing-right-small:1.92%;--awb-margin-bottom-small:20px;--awb-spacing-left-small:1.92%;\" data-animationType=\"fadeInRight\" data-animationDuration=\"1.0\" data-animationOffset=\"top-into-view\" data-scroll-devices=\"small-visibility,medium-visibility,large-visibility\"><div class=\"fusion-column-wrapper fusion-column-has-shadow fusion-flex-justify-content-center fusion-content-layout-column fusion-empty-column-bg-image fusion-column-has-bg-image\" data-bg-url=\"https:\/\/www.drmarkhardman.com\/es\/wp-content\/uploads\/2024\/09\/AdobeStock_668093144.jpg\"><img decoding=\"async\" class=\"fusion-empty-dims-img-placeholder fusion-no-large-visibility fusion-no-medium-visibility\" src=\"data:image\/svg+xml,%3Csvg%20xmlns%3D%27http%3A%2F%2Fwww.w3.org%2F2000%2Fsvg%27%20width%3D%271500%27%20height%3D%27841%27%20viewBox%3D%270%200%201500%20841%27%3E%3Crect%20width%3D%271500%27%20height%3D%27841%27%20fill-opacity%3D%220%22%2F%3E%3C%2Fsvg%3E\"><\/div><\/div><div class=\"fusion-layout-column fusion_builder_column fusion-builder-column-2 fusion_builder_column_1_2 1_2 fusion-flex-column fusion-flex-align-self-stretch fusion-animated\" style=\"--awb-padding-top:90px;--awb-padding-right:70px;--awb-padding-bottom:90px;--awb-padding-left:70px;--awb-padding-top-medium:30px;--awb-padding-right-medium:30px;--awb-padding-bottom-medium:30px;--awb-padding-left-medium:30px;--awb-padding-top-small:0px;--awb-padding-right-small:0px;--awb-padding-bottom-small:0px;--awb-padding-left-small:0px;--awb-bg-size:cover;--awb-width-large:50%;--awb-margin-top-large:0px;--awb-spacing-right-large:0px;--awb-margin-bottom-large:0px;--awb-spacing-left-large:0px;--awb-width-medium:50%;--awb-order-medium:0;--awb-spacing-right-medium:0px;--awb-spacing-left-medium:0px;--awb-width-small:100%;--awb-order-small:0;--awb-spacing-right-small:1.92%;--awb-margin-bottom-small:0px;--awb-spacing-left-small:1.92%;\" data-animationType=\"fadeInLeft\" data-animationDuration=\"1.0\" data-animationOffset=\"top-into-view\" data-scroll-devices=\"small-visibility,medium-visibility,large-visibility\"><div class=\"fusion-column-wrapper fusion-column-has-shadow fusion-flex-justify-content-center fusion-content-layout-column\"><div class=\"fusion-title title fusion-title-2 fusion-sep-none fusion-title-text fusion-title-size-paragraph\" style=\"--awb-text-color:var(--awb-color5);--awb-margin-bottom-small:0px;--awb-font-size:14px;\"><p class=\"fusion-title-heading title-heading-left title-heading-tag fusion-responsive-typography-calculated\" style=\"margin:0;font-size:1em;text-transform:uppercase;--fontSize:14;--minFontSize:14;line-height:var(--awb-typography4-line-height);\">Beneficios del entrenamiento nutricional y f\u00edsico para un estilo de vida m\u00e1s saludable<\/p><\/div><div class=\"fusion-title title fusion-title-3 fusion-sep-none fusion-title-text fusion-title-size-two\" style=\"--awb-margin-top:0px;--awb-margin-top-small:0px;\"><h2 class=\"fusion-title-heading title-heading-left fusion-responsive-typography-calculated\" style=\"margin:0;--fontSize:36;line-height:var(--awb-typography1-line-height);\">Entrenamiento de nutrici\u00f3n y fitness<\/h2><\/div><div class=\"fusion-separator\" style=\"align-self: flex-start;margin-right:auto;margin-bottom:30px;width:100%;max-width:200px;\"><div class=\"fusion-separator-border sep-single sep-dashed\" style=\"--awb-height:20px;--awb-amount:20px;--awb-sep-color:var(--awb-color5);border-color:var(--awb-color5);border-top-width:1px;\"><\/div><\/div><div class=\"fusion-text fusion-text-1\"><p>Si usted es un atleta de \u00e9lite, un profesional ocupado o alguien que busca mantenerse saludable, el ejercicio regular es esencial. La actividad f\u00edsica es una de las mejores herramientas para mejorar la salud y prevenir enfermedades cr\u00f3nicas.<\/p>\n<p>Con la gesti\u00f3n remota del ejercicio, puedo ayudarle a mantenerse responsable, motivado y encaminado, ya sea que prefiera orientaci\u00f3n pr\u00e1ctica o asesoramiento general. Mi enfoque se basa en la coherencia, los ajustes basados \u200b\u200ben datos y el apoyo personal.<\/p>\n<\/div><\/div><\/div><\/div><\/div><\/div><div class=\"fusion-fullwidth fullwidth-box fusion-builder-row-3 fusion-flex-container has-pattern-background has-mask-background nonhundred-percent-fullwidth non-hundred-percent-height-scrolling\" style=\"--awb-border-radius-top-left:0px;--awb-border-radius-top-right:0px;--awb-border-radius-bottom-right:0px;--awb-border-radius-bottom-left:0px;--awb-padding-top:5%;--awb-padding-bottom:4%;--awb-padding-bottom-medium:20px;--awb-padding-top-small:40px;--awb-padding-bottom-small:0px;--awb-background-color:var(--awb-color2);--awb-flex-wrap:wrap;\" ><div class=\"fusion-builder-row fusion-row fusion-flex-align-items-flex-start fusion-flex-justify-content-center fusion-flex-content-wrap\" style=\"max-width:1248px;margin-left: calc(-4% \/ 2 );margin-right: calc(-4% \/ 2 );\"><div class=\"fusion-layout-column fusion_builder_column fusion-builder-column-3 fusion_builder_column_3_4 3_4 fusion-flex-column\" style=\"--awb-bg-size:cover;--awb-width-large:75%;--awb-margin-top-large:0px;--awb-spacing-right-large:2.56%;--awb-margin-bottom-large:0px;--awb-spacing-left-large:2.56%;--awb-width-medium:100%;--awb-order-medium:0;--awb-spacing-right-medium:1.92%;--awb-spacing-left-medium:1.92%;--awb-width-small:100%;--awb-order-small:0;--awb-spacing-right-small:1.92%;--awb-spacing-left-small:1.92%;\" data-scroll-devices=\"small-visibility,medium-visibility,large-visibility\"><div class=\"fusion-column-wrapper fusion-column-has-shadow fusion-flex-justify-content-flex-start fusion-content-layout-column\"><div class=\"fusion-text fusion-text-2\"><p><strong>Soporte personalizado para cada nivel<\/strong><\/p>\n<p>Tengo una amplia experiencia en atletismo de \u00e9lite, pero estoy ansioso por ayudar a cualquier persona en cualquier nivel de condici\u00f3n f\u00edsica. Algunos prefieren una orientaci\u00f3n pr\u00e1ctica y detallada, mientras que otros prefieren asesoramiento peri\u00f3dico. Respeto ambas preferencias y puedo adaptarme a lo que funcione mejor para ti. Si lo desea, un analista de datos de mi equipo puede integrar sus datos de ejercicio, salud y nutrici\u00f3n en informes para ayudarlo a perfeccionar su plan.<\/p>\n<\/div><\/div><\/div><\/div><\/div><\/p>\n","protected":false},"excerpt":{"rendered":"","protected":false},"author":1,"featured_media":0,"parent":0,"menu_order":0,"comment_status":"closed","ping_status":"closed","template":"100-width.php","meta":{"footnotes":""},"class_list":["post-1051","page","type-page","status-publish","hentry"],"yoast_head":"<!-- This site is optimized with the Yoast SEO plugin v23.6 - https:\/\/yoast.com\/wordpress\/plugins\/seo\/ -->\n<title>Entrenamiento de nutrici\u00f3n y fitness | Dr. Mark Hardman, MD, JD<\/title>\n<meta name=\"description\" content=\"Logre sus objetivos de salud con nutrici\u00f3n personalizada y entrenamiento f\u00edsico del Dr. Mark Hardman, MD, JD. Ya sea que sea un atleta de \u00e9lite o simplemente busque mantenerse activo, el Dr. Hardman ofrece planes personalizados para mejorar su condici\u00f3n f\u00edsica, mejorar su nutrici\u00f3n y prevenir enfermedades cr\u00f3nicas. Obtenga asesoramiento experto y soporte continuo, personalizado seg\u00fan sus necesidades.\" \/>\n<meta name=\"robots\" content=\"index, follow, max-snippet:-1, max-image-preview:large, max-video-preview:-1\" \/>\n<link rel=\"canonical\" href=\"https:\/\/www.drmarkhardman.com\/es\/entrenamiento-de-nutricion-y-fitness\/\" \/>\n<meta property=\"og:locale\" content=\"en_US\" \/>\n<meta property=\"og:type\" content=\"article\" \/>\n<meta property=\"og:title\" content=\"Entrenamiento de nutrici\u00f3n y fitness | Dr. Mark Hardman, MD, JD\" \/>\n<meta property=\"og:description\" content=\"Logre sus objetivos de salud con nutrici\u00f3n personalizada y entrenamiento f\u00edsico del Dr. Mark Hardman, MD, JD. Ya sea que sea un atleta de \u00e9lite o simplemente busque mantenerse activo, el Dr. Hardman ofrece planes personalizados para mejorar su condici\u00f3n f\u00edsica, mejorar su nutrici\u00f3n y prevenir enfermedades cr\u00f3nicas. Obtenga asesoramiento experto y soporte continuo, personalizado seg\u00fan sus necesidades.\" \/>\n<meta property=\"og:url\" content=\"https:\/\/www.drmarkhardman.com\/es\/entrenamiento-de-nutricion-y-fitness\/\" \/>\n<meta property=\"og:site_name\" content=\"Personalized Medicine and Health Coaching, PLLC\" \/>\n<meta property=\"article:modified_time\" content=\"2024-11-22T08:22:00+00:00\" \/>\n<meta name=\"twitter:card\" content=\"summary_large_image\" \/>\n<meta name=\"twitter:label1\" content=\"Est. reading time\" \/>\n\t<meta name=\"twitter:data1\" content=\"1 minute\" \/>\n<script type=\"application\/ld+json\" class=\"yoast-schema-graph\">{\"@context\":\"https:\/\/schema.org\",\"@graph\":[{\"@type\":\"WebPage\",\"@id\":\"https:\/\/www.drmarkhardman.com\/es\/entrenamiento-de-nutricion-y-fitness\/\",\"url\":\"https:\/\/www.drmarkhardman.com\/es\/entrenamiento-de-nutricion-y-fitness\/\",\"name\":\"Entrenamiento de nutrici\u00f3n y fitness | Dr. Mark Hardman, MD, JD\",\"isPartOf\":{\"@id\":\"https:\/\/www.drmarkhardman.com\/es\/#website\"},\"datePublished\":\"2024-10-01T11:07:16+00:00\",\"dateModified\":\"2024-11-22T08:22:00+00:00\",\"description\":\"Logre sus objetivos de salud con nutrici\u00f3n personalizada y entrenamiento f\u00edsico del Dr. Mark Hardman, MD, JD. Ya sea que sea un atleta de \u00e9lite o simplemente busque mantenerse activo, el Dr. Hardman ofrece planes personalizados para mejorar su condici\u00f3n f\u00edsica, mejorar su nutrici\u00f3n y prevenir enfermedades cr\u00f3nicas. Obtenga asesoramiento experto y soporte continuo, personalizado seg\u00fan sus necesidades.\",\"breadcrumb\":{\"@id\":\"https:\/\/www.drmarkhardman.com\/es\/entrenamiento-de-nutricion-y-fitness\/#breadcrumb\"},\"inLanguage\":\"en\",\"potentialAction\":[{\"@type\":\"ReadAction\",\"target\":[\"https:\/\/www.drmarkhardman.com\/es\/entrenamiento-de-nutricion-y-fitness\/\"]}]},{\"@type\":\"BreadcrumbList\",\"@id\":\"https:\/\/www.drmarkhardman.com\/es\/entrenamiento-de-nutricion-y-fitness\/#breadcrumb\",\"itemListElement\":[{\"@type\":\"ListItem\",\"position\":1,\"name\":\"Home\",\"item\":\"https:\/\/www.drmarkhardman.com\/es\/\"},{\"@type\":\"ListItem\",\"position\":2,\"name\":\"Entrenamiento de nutrici\u00f3n y fitness\"}]},{\"@type\":\"WebSite\",\"@id\":\"https:\/\/www.drmarkhardman.com\/es\/#website\",\"url\":\"https:\/\/www.drmarkhardman.com\/es\/\",\"name\":\"Personalized Medicine and Health Coaching, PLLC\",\"description\":\"\",\"potentialAction\":[{\"@type\":\"SearchAction\",\"target\":{\"@type\":\"EntryPoint\",\"urlTemplate\":\"https:\/\/www.drmarkhardman.com\/es\/?s={search_term_string}\"},\"query-input\":{\"@type\":\"PropertyValueSpecification\",\"valueRequired\":true,\"valueName\":\"search_term_string\"}}],\"inLanguage\":\"en\"}]}<\/script>\n<!-- \/ Yoast SEO plugin. -->","yoast_head_json":{"title":"Entrenamiento de nutrici\u00f3n y fitness | Dr. Mark Hardman, MD, JD","description":"Logre sus objetivos de salud con nutrici\u00f3n personalizada y entrenamiento f\u00edsico del Dr. Mark Hardman, MD, JD. Ya sea que sea un atleta de \u00e9lite o simplemente busque mantenerse activo, el Dr. Hardman ofrece planes personalizados para mejorar su condici\u00f3n f\u00edsica, mejorar su nutrici\u00f3n y prevenir enfermedades cr\u00f3nicas. Obtenga asesoramiento experto y soporte continuo, personalizado seg\u00fan sus necesidades.","robots":{"index":"index","follow":"follow","max-snippet":"max-snippet:-1","max-image-preview":"max-image-preview:large","max-video-preview":"max-video-preview:-1"},"canonical":"https:\/\/www.drmarkhardman.com\/es\/entrenamiento-de-nutricion-y-fitness\/","og_locale":"en_US","og_type":"article","og_title":"Entrenamiento de nutrici\u00f3n y fitness | Dr. Mark Hardman, MD, JD","og_description":"Logre sus objetivos de salud con nutrici\u00f3n personalizada y entrenamiento f\u00edsico del Dr. Mark Hardman, MD, JD. Ya sea que sea un atleta de \u00e9lite o simplemente busque mantenerse activo, el Dr. Hardman ofrece planes personalizados para mejorar su condici\u00f3n f\u00edsica, mejorar su nutrici\u00f3n y prevenir enfermedades cr\u00f3nicas. Obtenga asesoramiento experto y soporte continuo, personalizado seg\u00fan sus necesidades.","og_url":"https:\/\/www.drmarkhardman.com\/es\/entrenamiento-de-nutricion-y-fitness\/","og_site_name":"Personalized Medicine and Health Coaching, PLLC","article_modified_time":"2024-11-22T08:22:00+00:00","twitter_card":"summary_large_image","twitter_misc":{"Est. reading time":"1 minute"},"schema":{"@context":"https:\/\/schema.org","@graph":[{"@type":"WebPage","@id":"https:\/\/www.drmarkhardman.com\/es\/entrenamiento-de-nutricion-y-fitness\/","url":"https:\/\/www.drmarkhardman.com\/es\/entrenamiento-de-nutricion-y-fitness\/","name":"Entrenamiento de nutrici\u00f3n y fitness | Dr. Mark Hardman, MD, JD","isPartOf":{"@id":"https:\/\/www.drmarkhardman.com\/es\/#website"},"datePublished":"2024-10-01T11:07:16+00:00","dateModified":"2024-11-22T08:22:00+00:00","description":"Logre sus objetivos de salud con nutrici\u00f3n personalizada y entrenamiento f\u00edsico del Dr. Mark Hardman, MD, JD. Ya sea que sea un atleta de \u00e9lite o simplemente busque mantenerse activo, el Dr. Hardman ofrece planes personalizados para mejorar su condici\u00f3n f\u00edsica, mejorar su nutrici\u00f3n y prevenir enfermedades cr\u00f3nicas. Obtenga asesoramiento experto y soporte continuo, personalizado seg\u00fan sus necesidades.","breadcrumb":{"@id":"https:\/\/www.drmarkhardman.com\/es\/entrenamiento-de-nutricion-y-fitness\/#breadcrumb"},"inLanguage":"en","potentialAction":[{"@type":"ReadAction","target":["https:\/\/www.drmarkhardman.com\/es\/entrenamiento-de-nutricion-y-fitness\/"]}]},{"@type":"BreadcrumbList","@id":"https:\/\/www.drmarkhardman.com\/es\/entrenamiento-de-nutricion-y-fitness\/#breadcrumb","itemListElement":[{"@type":"ListItem","position":1,"name":"Home","item":"https:\/\/www.drmarkhardman.com\/es\/"},{"@type":"ListItem","position":2,"name":"Entrenamiento de nutrici\u00f3n y fitness"}]},{"@type":"WebSite","@id":"https:\/\/www.drmarkhardman.com\/es\/#website","url":"https:\/\/www.drmarkhardman.com\/es\/","name":"Personalized Medicine and Health Coaching, PLLC","description":"","potentialAction":[{"@type":"SearchAction","target":{"@type":"EntryPoint","urlTemplate":"https:\/\/www.drmarkhardman.com\/es\/?s={search_term_string}"},"query-input":{"@type":"PropertyValueSpecification","valueRequired":true,"valueName":"search_term_string"}}],"inLanguage":"en"}]}},"_links":{"self":[{"href":"https:\/\/www.drmarkhardman.com\/es\/wp-json\/wp\/v2\/pages\/1051"}],"collection":[{"href":"https:\/\/www.drmarkhardman.com\/es\/wp-json\/wp\/v2\/pages"}],"about":[{"href":"https:\/\/www.drmarkhardman.com\/es\/wp-json\/wp\/v2\/types\/page"}],"author":[{"embeddable":true,"href":"https:\/\/www.drmarkhardman.com\/es\/wp-json\/wp\/v2\/users\/1"}],"replies":[{"embeddable":true,"href":"https:\/\/www.drmarkhardman.com\/es\/wp-json\/wp\/v2\/comments?post=1051"}],"version-history":[{"count":10,"href":"https:\/\/www.drmarkhardman.com\/es\/wp-json\/wp\/v2\/pages\/1051\/revisions"}],"predecessor-version":[{"id":1295,"href":"https:\/\/www.drmarkhardman.com\/es\/wp-json\/wp\/v2\/pages\/1051\/revisions\/1295"}],"wp:attachment":[{"href":"https:\/\/www.drmarkhardman.com\/es\/wp-json\/wp\/v2\/media?parent=1051"}],"curies":[{"name":"wp","href":"https:\/\/api.w.org\/{rel}","templated":true}]}}